{"id":86,"date":"2015-08-22T13:32:25","date_gmt":"2015-08-22T13:32:25","guid":{"rendered":"http:\/\/innologic.lv\/?page_id=86"},"modified":"2016-06-28T09:10:47","modified_gmt":"2016-06-28T09:10:47","slug":"attraction-of-funding","status":"publish","type":"page","link":"https:\/\/innologic.lv\/en\/services\/business-development\/attraction-of-funding\/","title":{"rendered":"Attraction of Funding"},"content":{"rendered":"<p>Vairumos gad\u012bjumu, viens no galvenajiem ietekm\u0113jo\u0161ajiem faktoriem MVU izveide un att\u012bst\u012bba ir finans\u0113juma pieejam\u012bba, ta\u010du uz\u0146\u0113m\u0113jiem ir svar\u012bgi saprast, ka vis\u0101m finans\u0113juma form\u0101m nav vieni un tie pa\u0161i m\u0113r\u0137i. T\u0101pat at\u0161\u0137irsies ar\u012b da\u017e\u0101du finans\u0113juma avotu motiv\u0101cija un krit\u0113riji saska\u0146\u0101 ar pied\u0101v\u0101ta produkta veidu un ar to saist\u012bt\u0101 riska l\u012bmeni. M\u016bsu komp\u0101nijas klienti var r\u0113\u0137in\u0101ties ar to, ka vi\u0146i sa\u0146ems finans\u0113jumu savu projektu realiz\u0101cijai, no piem\u0113rotiem avotiem, par situ\u0101cijai atbilsto\u0161u cenu.<\/p>\n<p>&nbsp;<\/p>\n<div class=\"clear\"><\/div><div class=\"tabs-wrapper\"><ul class=\"tabs\"><li><a href=\"javascript:void(0)\" class=\"defaulttab\" id=\"tab-1\"><span>Finans\u0113juma veidi<\/span><\/a><\/li><li><a href=\"javascript:void(0)\" id=\"tab-2\"><span>Finans\u0113t\u0101ji<\/span><\/a><\/li><li><a href=\"javascript:void(0)\" id=\"tab-3\"><span>Finans\u0113\u0161anas instrumenti<\/span><\/a><\/li><\/ul><div class=\"tab-content\" id=\"tab-1-content\"><div class=\"tabs-inner-padding\"><h2>Finans\u0113juma veidi<\/h2>\n<p>Bie\u017ei vien viens no galvenajiem ietekm\u0113jo\u0161ajiem faktoriem MVU izveide un att\u012bst\u012bba ir finans\u0113juma pieejam\u012bba, ta\u010du uz\u0146\u0113m\u0113jiem ir svar\u012bgi saprast, ka vis\u0101m finans\u0113juma form\u0101m nav vieni un tie pa\u0161i m\u0113r\u0137i. T\u0101pat at\u0161\u0137irsies ar\u012b da\u017e\u0101du finans\u0113juma avotu motiv\u0101cija un krit\u0113riji saska\u0146\u0101 ar pied\u0101v\u0101ta produkta veidu un ar to saist\u012bt\u0101 riska l\u012bmeni. T\u0101d\u0113\u013c biznesa pl\u0101na kvalit\u0101te un saturs, ka ar\u012b t\u0101 prezent\u0101cija potenci\u0101lajiem investoriem ir j\u0101piem\u0113ro to attiec\u012bgaj\u0101m specifiskaj\u0101m pras\u012bb\u0101m. Komp\u0101nijas \u201eJ\u016bsu projekti\u201d galvenais m\u0113r\u0137is esot prec\u012bzi noteikt m\u016bsu klientu vajadz\u012bbas un pied\u0101v\u0101t m\u016bsu klientiem situ\u0101cijai atbilsto\u0161us risin\u0101jumus.<\/p><\/div><\/div><div class=\"tab-content\" id=\"tab-2-content\"><div class=\"tabs-inner-padding\"><h3>Kopum\u0101 MVU finans\u0113juma tirgus sp\u0113l\u0113t\u0101jus var iedal\u012bt tr\u012bs galvenaj\u0101s kategorij\u0101s<\/h3>\n<ol>\n<li>Riska kapit\u0101la sp\u0113l\u0113t\u0101ji, taj\u0101 skait\u0101:\n<ul>\n<li>biznesa e\u0146\u0123e\u013ci, to t\u012bkli un sindik\u0101ti;<\/li>\n<li>s\u0113klas finans\u0113juma fondi;<\/li>\n<li>invest\u012bciju fondi;<\/li>\n<li>riska kapit\u0101la fondi;<\/li>\n<li>inkubatori;<\/li>\n<li>inov\u0101ciju invest\u012bciju fondi;<\/li>\n<li>bir\u017eas.<\/li>\n<\/ul>\n<\/li>\n<li>Aizdevumi un par\u0101dsaist\u012bbas, taj\u0101 skait\u0101:\n<ul>\n<li>MVU aizdevumu sh\u0113mas;<\/li>\n<li>bankas un citas finan\u0161u organiz\u0101cijas;<\/li>\n<li>viet\u0113jie invest\u012bciju fondi;<\/li>\n<li>l\u012bzings;<\/li>\n<li>komerckred\u012bti.<\/li>\n<\/ul>\n<\/li>\n<li>Citi avoti, taj\u0101 skaita:\n<ul>\n<li>valsts granti;<\/li>\n<li>biznesa konkursu balvas;<\/li>\n<li>faktorings;<\/li>\n<li>pieg\u0101d\u0101t\u0101ji (atvieglotie nor\u0113\u0137inu noteikumi ir visl\u0113t\u0101kais \u012bstermi\u0146a finans\u0113juma avots);<\/li>\n<li>atmaks\u0101jamie avansi.<\/li>\n<\/ul>\n<\/li>\n<\/ol><\/div><\/div><div class=\"tab-content\" id=\"tab-3-content\"><div class=\"tabs-inner-padding\"><h3>MVU finans\u0113\u0161anas instrumentu segment\u0101cija<\/h3>\n<ol>\n<li>Pa\u0161u uz\u0146\u0113m\u0113ju, ka ar\u012b vi\u0146u \u0123ime\u0146u un draugu l\u012bdzek\u013ci.<\/li>\n<li>Darb\u012bbas uzs\u0101k\u0161ana:\n<ul>\n<li>pirmss\u0113klas kapit\u0101la fondi;<\/li>\n<li>aizdevums bez procentu maks\u0101jumiem un\/vai garantijas;<\/li>\n<li>universit\u0101\u0161u un p\u0113tniec\u012bbas centru s\u0113klas fondi;<\/li>\n<li>mikrokred\u012bti;<\/li>\n<li>valsts (un priv\u0101tie) darb\u012bbas uzs\u0101k\u0161anas un inov\u0101ciju fondi;<\/li>\n<li>valsts subs\u012bdijas;<\/li>\n<li>atmaks\u0101jamie \u012bstermi\u0146a aizdevumi;<\/li>\n<li>idejas izv\u0113rt\u0113\u0161anas finans\u0113jums.<\/li>\n<\/ul>\n<\/li>\n<li>Pirmais finans\u0113juma cikls:\n<ul>\n<li>biznesa e\u0146\u0123e\u013ci;<\/li>\n<li>s\u0113klas kapit\u0101la fondi;<\/li>\n<li>bankas aizdevumi\/par\u0101dsaist\u012bbas;<\/li>\n<li>garantiju sh\u0113mas;<\/li>\n<li>valsts (un priv\u0101tie) invest\u012bciju fondi;<\/li>\n<li>valsts riska kapit\u0101la fondi;<\/li>\n<li>valsts subs\u012bdijas;<\/li>\n<li>korporat\u012bvais riska kapit\u0101ls.<\/li>\n<\/ul>\n<\/li>\n<li>Otrais finans\u0113juma cikls:\n<ul>\n<li>priv\u0101tais riska kapit\u0101ls;<\/li>\n<li>banku aizdevumi;<\/li>\n<li>akciju pirkuma garantijas;<\/li>\n<li>mezan\u012bna kapit\u0101ls.<\/li>\n<\/ul>\n<\/li>\n<li>N\u0101kamie finans\u0113juma cikli:\n<ul>\n<li>s\u0101kotn\u0113js publisks pied\u0101v\u0101jums (SPP) akciju kot\u0113\u0161anai bir\u017e\u0101;<\/li>\n<li>oblig\u0101ciju izlai\u0161ana;<\/li>\n<li>konvert\u0113jam\u0101s oblig\u0101cijas;<\/li>\n<li>l\u012bzings;<\/li>\n<li>faktorings.<\/li>\n<\/ul>\n<\/li>\n<\/ol><\/div><\/div><\/div><!-- tabs-wrapper end --><div class=\"clear\"><\/div>\n<div class=\"custom\" style=\"background:-moz-linear-gradient(center top , #343A41, #343A41) repeat scroll 0 0 transparent;\n\n\t\t\t\t\t       background: -webkit-gradient(linear, center top, center bottom, from(#343A41), to(#343A41));\n\n                                               background: -o-linear-gradient(top, #343A41 0%,#343A41 99%); \/* Opera 11.10+ *\/\n\n                                               background: -ms-linear-gradient(top, #343A41 0%,#343A41 99%); \/* IE10+ *\/\n\n\t\t\t\t\t       margin-left:0 !important;\n\n\t\t\t\t\t       margin-right:0 !important;\n\n\t\t\t\t\t       border:1px solid #333333;\n\n\t\t\t\t\t       background-color: #343A41;\n\n\t\t\t\t\t       width:100%;\n\n\t\t\t\t\t       color:#ffffff;\"><div class=\"inner-padding\">\n<p>Kad ir pie\u0146emts fakts, ka ne visi finans\u0113juma avoti p\u0113c b\u016bt\u012bbas ir vien\u0101di, j\u0101apzin\u0101s ar\u012b tas, ka uz\u0146\u0113m\u0113jiem ir b\u016btiski piln\u012bb\u0101 saprast krit\u0113rijus, p\u0113c kuriem investori izlemj invest\u0113t vai n\u0113. Viens no m\u016bsu komp\u0101nijas m\u0113r\u0137iem esot apzin\u0101ties galvenos krit\u0113rijus, ko potenci\u0101lo dar\u012bjumu izv\u0113rt\u0113\u0161anas procesa izmanto da\u017e\u0101di investori, un izmantot \u0161\u012bs zin\u0101\u0161an\u0101s lai sekm\u0113tu invest\u012bciju dar\u012bjuma nosl\u0113g\u0161anu, t\u0101 lai tas b\u016btu izdev\u012bgi gan m\u016bsu klientam, gan investoram.<\/p>\n<\/div><\/div>\n","protected":false},"excerpt":{"rendered":"<p>Vairumos gad\u012bjumu, viens no galvenajiem ietekm\u0113jo\u0161ajiem faktoriem MVU izveide un att\u012bst\u012bba ir finans\u0113juma pieejam\u012bba, ta\u010du uz\u0146\u0113m\u0113jiem ir svar\u012bgi saprast, ka vis\u0101m finans\u0113juma form\u0101m nav vieni un tie pa\u0161i m\u0113r\u0137i. T\u0101pat at\u0161\u0137irsies ar\u012b da\u017e\u0101du finans\u0113juma avotu motiv\u0101cija un krit\u0113riji saska\u0146\u0101 ar pied\u0101v\u0101ta produkta veidu un ar to saist\u012bt\u0101 [&hellip;]<\/p>\n","protected":false},"author":1,"featured_media":0,"parent":27,"menu_order":0,"comment_status":"closed","ping_status":"closed","template":"","meta":{"footnotes":""},"class_list":["post-86","page","type-page","status-publish","hentry"],"yoast_head":"<!-- This site is optimized with the Yoast SEO plugin v24.9 - https:\/\/yoast.com\/wordpress\/plugins\/seo\/ -->\n<title>Attraction of Funding - Business consultations<\/title>\n<meta name=\"robots\" content=\"index, follow, max-snippet:-1, max-image-preview:large, max-video-preview:-1\" \/>\n<link rel=\"canonical\" href=\"https:\/\/innologic.lv\/en\/services\/business-development\/attraction-of-funding\/\" \/>\n<meta property=\"og:locale\" content=\"en_US\" \/>\n<meta property=\"og:type\" content=\"article\" \/>\n<meta property=\"og:title\" content=\"Attraction of Funding - Business consultations\" \/>\n<meta property=\"og:description\" content=\"Vairumos gad\u012bjumu, viens no galvenajiem ietekm\u0113jo\u0161ajiem faktoriem MVU izveide un att\u012bst\u012bba ir finans\u0113juma pieejam\u012bba, ta\u010du uz\u0146\u0113m\u0113jiem ir svar\u012bgi saprast, ka vis\u0101m finans\u0113juma form\u0101m nav vieni un tie pa\u0161i m\u0113r\u0137i. T\u0101pat at\u0161\u0137irsies ar\u012b da\u017e\u0101du finans\u0113juma avotu motiv\u0101cija un krit\u0113riji saska\u0146\u0101 ar pied\u0101v\u0101ta produkta veidu un ar to saist\u012bt\u0101 [&hellip;]\" \/>\n<meta property=\"og:url\" content=\"https:\/\/innologic.lv\/en\/services\/business-development\/attraction-of-funding\/\" \/>\n<meta property=\"og:site_name\" content=\"Business consultations\" \/>\n<meta property=\"article:modified_time\" content=\"2016-06-28T09:10:47+00:00\" \/>\n<meta name=\"twitter:card\" content=\"summary_large_image\" \/>\n<meta name=\"twitter:label1\" content=\"Est. reading time\" \/>\n\t<meta name=\"twitter:data1\" content=\"3 minutes\" \/>\n<script type=\"application\/ld+json\" class=\"yoast-schema-graph\">{\"@context\":\"https:\/\/schema.org\",\"@graph\":[{\"@type\":\"WebPage\",\"@id\":\"https:\/\/innologic.lv\/en\/services\/business-development\/attraction-of-funding\/\",\"url\":\"https:\/\/innologic.lv\/en\/services\/business-development\/attraction-of-funding\/\",\"name\":\"Attraction of Funding - Business consultations\",\"isPartOf\":{\"@id\":\"https:\/\/innologic.lv\/en\/#website\"},\"datePublished\":\"2015-08-22T13:32:25+00:00\",\"dateModified\":\"2016-06-28T09:10:47+00:00\",\"breadcrumb\":{\"@id\":\"https:\/\/innologic.lv\/en\/services\/business-development\/attraction-of-funding\/#breadcrumb\"},\"inLanguage\":\"en-US\",\"potentialAction\":[{\"@type\":\"ReadAction\",\"target\":[\"https:\/\/innologic.lv\/en\/services\/business-development\/attraction-of-funding\/\"]}]},{\"@type\":\"BreadcrumbList\",\"@id\":\"https:\/\/innologic.lv\/en\/services\/business-development\/attraction-of-funding\/#breadcrumb\",\"itemListElement\":[{\"@type\":\"ListItem\",\"position\":1,\"name\":\"Home\",\"item\":\"https:\/\/innologic.lv\/en\/\"},{\"@type\":\"ListItem\",\"position\":2,\"name\":\"Services\",\"item\":\"https:\/\/innologic.lv\/en\/services\/\"},{\"@type\":\"ListItem\",\"position\":3,\"name\":\"Business development\",\"item\":\"https:\/\/innologic.lv\/en\/services\/business-development\/\"},{\"@type\":\"ListItem\",\"position\":4,\"name\":\"Attraction of Funding\"}]},{\"@type\":\"WebSite\",\"@id\":\"https:\/\/innologic.lv\/en\/#website\",\"url\":\"https:\/\/innologic.lv\/en\/\",\"name\":\"Business consultations\",\"description\":\"Business development solutions\",\"potentialAction\":[{\"@type\":\"SearchAction\",\"target\":{\"@type\":\"EntryPoint\",\"urlTemplate\":\"https:\/\/innologic.lv\/en\/?s={search_term_string}\"},\"query-input\":{\"@type\":\"PropertyValueSpecification\",\"valueRequired\":true,\"valueName\":\"search_term_string\"}}],\"inLanguage\":\"en-US\"}]}<\/script>\n<!-- \/ Yoast SEO plugin. -->","yoast_head_json":{"title":"Attraction of Funding - Business consultations","robots":{"index":"index","follow":"follow","max-snippet":"max-snippet:-1","max-image-preview":"max-image-preview:large","max-video-preview":"max-video-preview:-1"},"canonical":"https:\/\/innologic.lv\/en\/services\/business-development\/attraction-of-funding\/","og_locale":"en_US","og_type":"article","og_title":"Attraction of Funding - Business consultations","og_description":"Vairumos gad\u012bjumu, viens no galvenajiem ietekm\u0113jo\u0161ajiem faktoriem MVU izveide un att\u012bst\u012bba ir finans\u0113juma pieejam\u012bba, ta\u010du uz\u0146\u0113m\u0113jiem ir svar\u012bgi saprast, ka vis\u0101m finans\u0113juma form\u0101m nav vieni un tie pa\u0161i m\u0113r\u0137i. T\u0101pat at\u0161\u0137irsies ar\u012b da\u017e\u0101du finans\u0113juma avotu motiv\u0101cija un krit\u0113riji saska\u0146\u0101 ar pied\u0101v\u0101ta produkta veidu un ar to saist\u012bt\u0101 [&hellip;]","og_url":"https:\/\/innologic.lv\/en\/services\/business-development\/attraction-of-funding\/","og_site_name":"Business consultations","article_modified_time":"2016-06-28T09:10:47+00:00","twitter_card":"summary_large_image","twitter_misc":{"Est. reading time":"3 minutes"},"schema":{"@context":"https:\/\/schema.org","@graph":[{"@type":"WebPage","@id":"https:\/\/innologic.lv\/en\/services\/business-development\/attraction-of-funding\/","url":"https:\/\/innologic.lv\/en\/services\/business-development\/attraction-of-funding\/","name":"Attraction of Funding - Business consultations","isPartOf":{"@id":"https:\/\/innologic.lv\/en\/#website"},"datePublished":"2015-08-22T13:32:25+00:00","dateModified":"2016-06-28T09:10:47+00:00","breadcrumb":{"@id":"https:\/\/innologic.lv\/en\/services\/business-development\/attraction-of-funding\/#breadcrumb"},"inLanguage":"en-US","potentialAction":[{"@type":"ReadAction","target":["https:\/\/innologic.lv\/en\/services\/business-development\/attraction-of-funding\/"]}]},{"@type":"BreadcrumbList","@id":"https:\/\/innologic.lv\/en\/services\/business-development\/attraction-of-funding\/#breadcrumb","itemListElement":[{"@type":"ListItem","position":1,"name":"Home","item":"https:\/\/innologic.lv\/en\/"},{"@type":"ListItem","position":2,"name":"Services","item":"https:\/\/innologic.lv\/en\/services\/"},{"@type":"ListItem","position":3,"name":"Business development","item":"https:\/\/innologic.lv\/en\/services\/business-development\/"},{"@type":"ListItem","position":4,"name":"Attraction of Funding"}]},{"@type":"WebSite","@id":"https:\/\/innologic.lv\/en\/#website","url":"https:\/\/innologic.lv\/en\/","name":"Business consultations","description":"Business development solutions","potentialAction":[{"@type":"SearchAction","target":{"@type":"EntryPoint","urlTemplate":"https:\/\/innologic.lv\/en\/?s={search_term_string}"},"query-input":{"@type":"PropertyValueSpecification","valueRequired":true,"valueName":"search_term_string"}}],"inLanguage":"en-US"}]}},"_links":{"self":[{"href":"https:\/\/innologic.lv\/en\/wp-json\/wp\/v2\/pages\/86","targetHints":{"allow":["GET"]}}],"collection":[{"href":"https:\/\/innologic.lv\/en\/wp-json\/wp\/v2\/pages"}],"about":[{"href":"https:\/\/innologic.lv\/en\/wp-json\/wp\/v2\/types\/page"}],"author":[{"embeddable":true,"href":"https:\/\/innologic.lv\/en\/wp-json\/wp\/v2\/users\/1"}],"replies":[{"embeddable":true,"href":"https:\/\/innologic.lv\/en\/wp-json\/wp\/v2\/comments?post=86"}],"version-history":[{"count":1,"href":"https:\/\/innologic.lv\/en\/wp-json\/wp\/v2\/pages\/86\/revisions"}],"predecessor-version":[{"id":272,"href":"https:\/\/innologic.lv\/en\/wp-json\/wp\/v2\/pages\/86\/revisions\/272"}],"up":[{"embeddable":true,"href":"https:\/\/innologic.lv\/en\/wp-json\/wp\/v2\/pages\/27"}],"wp:attachment":[{"href":"https:\/\/innologic.lv\/en\/wp-json\/wp\/v2\/media?parent=86"}],"curies":[{"name":"wp","href":"https:\/\/api.w.org\/{rel}","templated":true}]}}