{"id":8,"date":"2015-08-03T08:39:22","date_gmt":"2015-08-03T08:39:22","guid":{"rendered":"http:\/\/innologic.lv\/?page_id=8"},"modified":"2016-07-27T14:04:20","modified_gmt":"2016-07-27T14:04:20","slug":"services","status":"publish","type":"page","link":"https:\/\/innologic.lv\/en\/services\/","title":{"rendered":"Services"},"content":{"rendered":"\n            <style type=\"text\/css\">\n\n                #content-block-background-1830 { background-image: url(http:\/\/innologic.lv\/wp-content\/uploads\/2015\/09\/pakalpojumi.jpg); background-position: center bottom; background-repeat: no-repeat; background-color: transparent; background-attachment: scroll; }\n\n                #content-block-body-1830 { padding: 60px 0; color: #FFFFFF; }\n\n                .content-block-body { margin-left: auto; margin-right: auto; position: relative; }\n\n            <\/style>\n\n\n                <style type=\"text\/css\">\n\n                    #wrapper-1 { overflow-x: hidden; }\n\n                    #content-block-background-1830 { margin: 0 -10000px; padding: 0 10000px; }\n\n                <\/style>\n\n\n            \n\n\n                \n\n            <div class=\"clear\"><\/div>\n\n            <div id=\"content-block-background-1830\" class=\"content-block-background class-name\">\n\n                <div id=\"content-block-body-1830\" class=\"content-block-body\">\n\n                    <div class=\"clear\"><\/div>\n\n                    \n<h2 style=\"color: #fff\">Every client is special for us<\/h2>\n<p>Individual strategies are developed for the successful project implementations. When implementing the projects we not only help the client realize the idea, but also ourselves are developing for greater achievements together with our clients.<br \/>\n\n                    <div class=\"clear\"><\/div>\n\n                <\/div>\n\n            <\/div>\n\n            <div class=\"clear\"><\/div>\n\n\n<h3 class=\"before_cont_title\">Business development solutions<\/h3>\n<div class=\"textwidget\">Here you will find solutions exactly for your business successfull startup and expansion.<br \/>\nInnologic services complete the entire spectrum of business process development, starting with idea and definition of objectives, business plan and marketing strategy development, sales market identification and expansion, to facilitation of access to finance\/investments and project implementation.<\/div>\n<div class=\"textwidget\"><\/div>\n<div class=\"divider\"><\/div>\n<div class=\"one_fourth\">\n<img loading=\"lazy\" decoding=\"async\" class=\"aligncenter wp-image-169 size-full\" src=\"http:\/\/innologic.lv\/wp-content\/uploads\/2015\/08\/page3-img2.jpg\" alt=\"Biznesa pl\u0101ns\" width=\"189\" height=\"104\" \/><\/p>\n<h3 style=\"text-align: center\"><a href=\"http:\/\/innologic.lv\/pakalpojumi\/biznesa-attistiba\/\">Business development<\/a><\/h3>\n<p>Ideas, analysis, R&amp;D, business plans &#8230;<\/p>\n<\/div>\n<div class=\"one_fourth\">\n<p><img loading=\"lazy\" decoding=\"async\" class=\"aligncenter wp-image-261 size-full\" src=\"http:\/\/innologic.lv\/wp-content\/uploads\/2015\/09\/investicijas-e1442854628271.jpg\" alt=\"Finans\u0113juma piesaiste\" width=\"189\" height=\"104\" \/><\/p>\n<h3 style=\"text-align: center\"><a href=\"http:\/\/innologic.lv\/pakalpojumi\/investiciju-piesaiste\/\">Investments<\/a><\/h3>\n<p>Attraction of finance and investments, strategy choice and negotiations &#8230;<\/p>\n<\/div>\n<div class=\"one_fourth\">\n<p><img loading=\"lazy\" decoding=\"async\" class=\"aligncenter wp-image-168 size-full\" src=\"http:\/\/innologic.lv\/wp-content\/uploads\/2015\/08\/page3-img1-hover.jpg\" alt=\"Eiropas Savien\u012bbas fondi\" width=\"189\" height=\"104\" \/><\/p>\n<h3 style=\"text-align: center\"><a href=\"http:\/\/innologic.lv\/pakalpojumi\/es-fondu-finansejums\/\">EU Funds<\/a><\/h3>\n<p>Attraction of the applicable EU Funds co-financing &#8230;<\/p>\n<\/div>\n<div class=\"one_fourth last_column\">\n<p><img loading=\"lazy\" decoding=\"async\" class=\"aligncenter wp-image-170 size-full\" src=\"http:\/\/innologic.lv\/wp-content\/uploads\/2015\/08\/page3-img3.jpg\" alt=\"m\u0101rketinga strat\u0113\u0123ija\" width=\"189\" height=\"104\" \/><\/p>\n<h3 style=\"text-align: center\"><a href=\"http:\/\/innologic.lv\/pakalpojumi\/konsultacijas\/\">Consulting<\/a><\/h3>\n<p>Consulting in area of business development issues &#8230;<\/p>\n<\/div>\n","protected":false},"excerpt":{"rendered":"<p>Business development solutions Here you will find solutions exactly for your business successfull startup and expansion. Innologic services complete the entire spectrum of business process development, starting with idea and definition of objectives, business plan and marketing strategy development, sales market identification and expansion, to facilitation of [&hellip;]<\/p>\n","protected":false},"author":1,"featured_media":0,"parent":0,"menu_order":0,"comment_status":"closed","ping_status":"closed","template":"","meta":{"footnotes":""},"class_list":["post-8","page","type-page","status-publish","hentry"],"yoast_head":"<!-- This site is optimized with the Yoast SEO plugin v24.9 - https:\/\/yoast.com\/wordpress\/plugins\/seo\/ -->\n<title>Services - Business consultations<\/title>\n<meta name=\"description\" content=\"Innologic - Biznesa uzs\u0101k\u0161anai un papla\u0161in\u0101\u0161anai. Idejas formul\u0113js un m\u0113r\u0137u defin\u0113\u0161ana, biznesa pl\u0101ns un m\u0101rketinga strat\u0113\u0123ijas izstr\u0101de, finans\u0113jums\" \/>\n<meta name=\"robots\" content=\"index, follow, max-snippet:-1, max-image-preview:large, max-video-preview:-1\" \/>\n<link rel=\"canonical\" href=\"https:\/\/innologic.lv\/en\/services\/\" \/>\n<meta property=\"og:locale\" content=\"en_US\" \/>\n<meta property=\"og:type\" content=\"article\" \/>\n<meta property=\"og:title\" content=\"Services - Business consultations\" \/>\n<meta property=\"og:description\" content=\"Innologic - Biznesa uzs\u0101k\u0161anai un papla\u0161in\u0101\u0161anai. Idejas formul\u0113js un m\u0113r\u0137u defin\u0113\u0161ana, biznesa pl\u0101ns un m\u0101rketinga strat\u0113\u0123ijas izstr\u0101de, finans\u0113jums\" \/>\n<meta property=\"og:url\" content=\"https:\/\/innologic.lv\/en\/services\/\" \/>\n<meta property=\"og:site_name\" content=\"Business consultations\" \/>\n<meta property=\"article:modified_time\" content=\"2016-07-27T14:04:20+00:00\" \/>\n<meta property=\"og:image\" content=\"http:\/\/innologic.lv\/wp-content\/uploads\/2015\/08\/page3-img2.jpg\" \/>\n<meta name=\"twitter:card\" content=\"summary_large_image\" \/>\n<meta name=\"twitter:label1\" content=\"Est. reading time\" \/>\n\t<meta name=\"twitter:data1\" content=\"1 minute\" \/>\n<script type=\"application\/ld+json\" class=\"yoast-schema-graph\">{\"@context\":\"https:\/\/schema.org\",\"@graph\":[{\"@type\":\"WebPage\",\"@id\":\"https:\/\/innologic.lv\/en\/services\/\",\"url\":\"https:\/\/innologic.lv\/en\/services\/\",\"name\":\"Services - Business consultations\",\"isPartOf\":{\"@id\":\"https:\/\/innologic.lv\/en\/#website\"},\"primaryImageOfPage\":{\"@id\":\"https:\/\/innologic.lv\/en\/services\/#primaryimage\"},\"image\":{\"@id\":\"https:\/\/innologic.lv\/en\/services\/#primaryimage\"},\"thumbnailUrl\":\"http:\/\/innologic.lv\/wp-content\/uploads\/2015\/08\/page3-img2.jpg\",\"datePublished\":\"2015-08-03T08:39:22+00:00\",\"dateModified\":\"2016-07-27T14:04:20+00:00\",\"description\":\"Innologic - Biznesa uzs\u0101k\u0161anai un papla\u0161in\u0101\u0161anai. Idejas formul\u0113js un m\u0113r\u0137u defin\u0113\u0161ana, biznesa pl\u0101ns un m\u0101rketinga strat\u0113\u0123ijas izstr\u0101de, finans\u0113jums\",\"breadcrumb\":{\"@id\":\"https:\/\/innologic.lv\/en\/services\/#breadcrumb\"},\"inLanguage\":\"en-US\",\"potentialAction\":[{\"@type\":\"ReadAction\",\"target\":[\"https:\/\/innologic.lv\/en\/services\/\"]}]},{\"@type\":\"ImageObject\",\"inLanguage\":\"en-US\",\"@id\":\"https:\/\/innologic.lv\/en\/services\/#primaryimage\",\"url\":\"http:\/\/innologic.lv\/wp-content\/uploads\/2015\/08\/page3-img2.jpg\",\"contentUrl\":\"http:\/\/innologic.lv\/wp-content\/uploads\/2015\/08\/page3-img2.jpg\"},{\"@type\":\"BreadcrumbList\",\"@id\":\"https:\/\/innologic.lv\/en\/services\/#breadcrumb\",\"itemListElement\":[{\"@type\":\"ListItem\",\"position\":1,\"name\":\"Home\",\"item\":\"https:\/\/innologic.lv\/en\/\"},{\"@type\":\"ListItem\",\"position\":2,\"name\":\"Services\"}]},{\"@type\":\"WebSite\",\"@id\":\"https:\/\/innologic.lv\/en\/#website\",\"url\":\"https:\/\/innologic.lv\/en\/\",\"name\":\"Business consultations\",\"description\":\"Business development solutions\",\"potentialAction\":[{\"@type\":\"SearchAction\",\"target\":{\"@type\":\"EntryPoint\",\"urlTemplate\":\"https:\/\/innologic.lv\/en\/?s={search_term_string}\"},\"query-input\":{\"@type\":\"PropertyValueSpecification\",\"valueRequired\":true,\"valueName\":\"search_term_string\"}}],\"inLanguage\":\"en-US\"}]}<\/script>\n<!-- \/ Yoast SEO plugin. -->","yoast_head_json":{"title":"Services - Business consultations","description":"Innologic - Biznesa uzs\u0101k\u0161anai un papla\u0161in\u0101\u0161anai. Idejas formul\u0113js un m\u0113r\u0137u defin\u0113\u0161ana, biznesa pl\u0101ns un m\u0101rketinga strat\u0113\u0123ijas izstr\u0101de, finans\u0113jums","robots":{"index":"index","follow":"follow","max-snippet":"max-snippet:-1","max-image-preview":"max-image-preview:large","max-video-preview":"max-video-preview:-1"},"canonical":"https:\/\/innologic.lv\/en\/services\/","og_locale":"en_US","og_type":"article","og_title":"Services - Business consultations","og_description":"Innologic - Biznesa uzs\u0101k\u0161anai un papla\u0161in\u0101\u0161anai. Idejas formul\u0113js un m\u0113r\u0137u defin\u0113\u0161ana, biznesa pl\u0101ns un m\u0101rketinga strat\u0113\u0123ijas izstr\u0101de, finans\u0113jums","og_url":"https:\/\/innologic.lv\/en\/services\/","og_site_name":"Business consultations","article_modified_time":"2016-07-27T14:04:20+00:00","og_image":[{"url":"http:\/\/innologic.lv\/wp-content\/uploads\/2015\/08\/page3-img2.jpg","type":"","width":"","height":""}],"twitter_card":"summary_large_image","twitter_misc":{"Est. reading time":"1 minute"},"schema":{"@context":"https:\/\/schema.org","@graph":[{"@type":"WebPage","@id":"https:\/\/innologic.lv\/en\/services\/","url":"https:\/\/innologic.lv\/en\/services\/","name":"Services - Business consultations","isPartOf":{"@id":"https:\/\/innologic.lv\/en\/#website"},"primaryImageOfPage":{"@id":"https:\/\/innologic.lv\/en\/services\/#primaryimage"},"image":{"@id":"https:\/\/innologic.lv\/en\/services\/#primaryimage"},"thumbnailUrl":"http:\/\/innologic.lv\/wp-content\/uploads\/2015\/08\/page3-img2.jpg","datePublished":"2015-08-03T08:39:22+00:00","dateModified":"2016-07-27T14:04:20+00:00","description":"Innologic - Biznesa uzs\u0101k\u0161anai un papla\u0161in\u0101\u0161anai. Idejas formul\u0113js un m\u0113r\u0137u defin\u0113\u0161ana, biznesa pl\u0101ns un m\u0101rketinga strat\u0113\u0123ijas izstr\u0101de, finans\u0113jums","breadcrumb":{"@id":"https:\/\/innologic.lv\/en\/services\/#breadcrumb"},"inLanguage":"en-US","potentialAction":[{"@type":"ReadAction","target":["https:\/\/innologic.lv\/en\/services\/"]}]},{"@type":"ImageObject","inLanguage":"en-US","@id":"https:\/\/innologic.lv\/en\/services\/#primaryimage","url":"http:\/\/innologic.lv\/wp-content\/uploads\/2015\/08\/page3-img2.jpg","contentUrl":"http:\/\/innologic.lv\/wp-content\/uploads\/2015\/08\/page3-img2.jpg"},{"@type":"BreadcrumbList","@id":"https:\/\/innologic.lv\/en\/services\/#breadcrumb","itemListElement":[{"@type":"ListItem","position":1,"name":"Home","item":"https:\/\/innologic.lv\/en\/"},{"@type":"ListItem","position":2,"name":"Services"}]},{"@type":"WebSite","@id":"https:\/\/innologic.lv\/en\/#website","url":"https:\/\/innologic.lv\/en\/","name":"Business consultations","description":"Business development solutions","potentialAction":[{"@type":"SearchAction","target":{"@type":"EntryPoint","urlTemplate":"https:\/\/innologic.lv\/en\/?s={search_term_string}"},"query-input":{"@type":"PropertyValueSpecification","valueRequired":true,"valueName":"search_term_string"}}],"inLanguage":"en-US"}]}},"_links":{"self":[{"href":"https:\/\/innologic.lv\/en\/wp-json\/wp\/v2\/pages\/8","targetHints":{"allow":["GET"]}}],"collection":[{"href":"https:\/\/innologic.lv\/en\/wp-json\/wp\/v2\/pages"}],"about":[{"href":"https:\/\/innologic.lv\/en\/wp-json\/wp\/v2\/types\/page"}],"author":[{"embeddable":true,"href":"https:\/\/innologic.lv\/en\/wp-json\/wp\/v2\/users\/1"}],"replies":[{"embeddable":true,"href":"https:\/\/innologic.lv\/en\/wp-json\/wp\/v2\/comments?post=8"}],"version-history":[{"count":11,"href":"https:\/\/innologic.lv\/en\/wp-json\/wp\/v2\/pages\/8\/revisions"}],"predecessor-version":[{"id":314,"href":"https:\/\/innologic.lv\/en\/wp-json\/wp\/v2\/pages\/8\/revisions\/314"}],"wp:attachment":[{"href":"https:\/\/innologic.lv\/en\/wp-json\/wp\/v2\/media?parent=8"}],"curies":[{"name":"wp","href":"https:\/\/api.w.org\/{rel}","templated":true}]}}