{"id":54,"date":"2015-08-22T11:31:56","date_gmt":"2015-08-22T11:31:56","guid":{"rendered":"http:\/\/innologic.lv\/?page_id=54"},"modified":"2016-08-04T11:03:41","modified_gmt":"2016-08-04T11:03:41","slug":"business-plan","status":"publish","type":"page","link":"https:\/\/innologic.lv\/en\/services\/business-development\/business-plan\/","title":{"rendered":"Business Plan"},"content":{"rendered":"<p>A business plan is a written document that describes in detail how a business, usually a new one, is going to achieve its goals. A business plan also recommended before the expansion of the company or considerable change of sphere of activity.<\/p>\n<p>A business plan provides an opportunity to consider on the issues that will be needed, starting your own business, make sure about your ideas strengths and weaknesses, make the necessary calculations for economic viability. Starting the business development, obtained information will turn into a road-map and the closest indication of how you are moving closer to your goals.<\/p>\n<p>Our company offers the business plan development under the EBRD and TACIS standards, according to the clients needs and area of activity. Applicable standards are in full compliance with investors and credit institution requirements.<\/p>\n<p>&nbsp;<\/p>\n<div class=\"clear\"><\/div><div class=\"tabs-wrapper\"><ul class=\"tabs\"><li><a href=\"javascript:void(0)\" class=\"defaulttab\" id=\"tab-1\"><span>Business plan types<\/span><\/a><\/li><li><a href=\"javascript:void(0)\" id=\"tab-2\"><span>ERAB<\/span><\/a><\/li><li><a href=\"javascript:void(0)\" id=\"tab-3\"><span>TACIS<\/span><\/a><\/li><\/ul><div class=\"tab-content\" id=\"tab-1-content\"><div class=\"tabs-inner-padding\"><h2>Biznesa pl\u0101nu viedi<\/h2>\n<p>M\u016bsu komp\u0101nija pied\u0101v\u0101 biznesa pl\u0101nu izstr\u0101di p\u0113c ERAB, TACIS, UNIDO, KPMG, un BFM-group standartiem, atkar\u012bb\u0101 no biznesa pl\u0101na pas\u016bt\u012bt\u0101ja darb\u012bbas re\u0123iona un vajadz\u012bb\u0101m. Izmantojamie standarti garant\u0113 biznesa pl\u0101na atbilst\u012bbu investoru un kred\u012btiest\u0101\u017eu vajadz\u012bb\u0101m.<\/p><\/div><\/div><div class=\"tab-content\" id=\"tab-2-content\"><div class=\"tabs-inner-padding\"><h3>ERAB biznesa pl\u0101na standarts<\/h3>\n<p><strong class=\"color-3\">Saturs<\/strong><br \/>\n<strong class=\"color-3\">1. Titullapa<br \/>\n2. Konfidencialit\u0101tes memorandus<br \/>\n3. Kopsavilkums<br \/>\n4. Uz\u0146\u0113mums<\/strong><\/p>\n<p style=\"padding-left: 30px\">4.1. Uz\u0146\u0113muma att\u012bst\u012bbas v\u0113sture un t\u0101 st\u0101voklis uz biznesa pl\u0101na izveides momentu, teko\u0161as darb\u012bbas apraksts<br \/>\n4.2. \u012apa\u0161nieki, administr\u0101cija, darba person\u0101ls<br \/>\n4.3. Teko\u0161a saimniecisk\u0101 darb\u012bba<br \/>\n4.4. Finan\u0161u st\u0101voklis<br \/>\n4.5. Kred\u012bti<\/p>\n<p><strong class=\"color-3\">5. Projekts<\/strong><\/p>\n<p style=\"padding-left: 30px\">5.1. Visp\u0101r\u012bga inform\u0101cija par projektu<br \/>\n5.2. Projekta invest\u012bciju pl\u0101ns<br \/>\n5.3. Tirgus anal\u012bze, konkur\u0113tsp\u0113j\u012bga<br \/>\n5.4. Ra\u017eo\u0161anas procesa apraksts<br \/>\n5.5. Finan\u0161u pl\u0101ns<br \/>\n5.6. Nov\u0113rt\u0113jums par ietekmi uz ekolo\u0123iju<\/p>\n<p><strong class=\"color-3\">6. Finans\u0113\u0161ana<\/strong><\/p>\n<p style=\"padding-left: 30px\">6.1. Kred\u012bta l\u012bdzek\u013cu sa\u0146em\u0161anas un atmaksas grafiks<br \/>\n6.2. Galvojums un \u0137\u012bla<br \/>\n6.3. Iek\u0101rtas un darbi, kuri tiks finans\u0113ti no kred\u012bta l\u012bdzek\u013ciem<br \/>\n6.4. SWOT &#8211; anal\u012bze<br \/>\n6.5. Riski un pas\u0101kumi lai tos mazin\u0101tu<\/p>\n<p><strong class=\"color-3\">7. Pielikumi<\/strong><\/p><\/div><\/div><div class=\"tab-content\" id=\"tab-3-content\"><div class=\"tabs-inner-padding\"><h3>TACIS biznesa pl\u0101na standarts (NVS valst\u012bm)<\/h3>\n<p><strong class=\"color-3\">Saturs<\/strong><br \/>\n<strong class=\"color-3\">1. Titullapa<br \/>\n2. Konfidencialit\u0101tes memorandus<br \/>\n3.Biznesa pl\u0101na sada\u013cu \u012bss apraksts<\/strong><\/p>\n<p style=\"padding-left: 30px\">3.1. Biznesa procesa apraksts<br \/>\n3.2. \u012ass produktu apraksts<br \/>\n3.3. Noieta tirgus apraksts<br \/>\n3.4. Person\u0101ls, \u012bpa\u0161i izdalot vad\u012bbu<br \/>\n3.5. L\u012bdzek\u013cu sadal\u012bjums<\/p>\n<p><strong class=\"color-3\">4. Biznesa strat\u0113\u0123isks izkl\u0101sts<\/strong><br \/>\n<strong class=\"color-3\">5. Tirzdniec\u012bbas veicin\u0101\u0161anas pas\u0101kumi un noieta tirgus anal\u012bze<\/strong><\/p>\n<p style=\"padding-left: 30px\">5.1. P\u0101rdo\u0161anas datu anal\u012bze<br \/>\n5.2. M\u0101rketinga strat\u0113\u0123ija<\/p>\n<p><strong class=\"color-3\">6. Ra\u017eo\u0161anas strat\u0113\u0123ija<\/strong><\/p>\n<p style=\"padding-left: 30px\">6.1. Ra\u017eo\u0161anas att\u012bst\u012bbas pl\u0101ns<br \/>\n6.2. Nodro\u0161in\u0101jums ar izejviel\u0101m<br \/>\n6.3. Ra\u017eo\u0161anas jaudu apr\u0113\u0137ins<br \/>\n6.4. Tehnisk\u0101 kontrole<br \/>\n6.5. Kritiskie main\u012bgie, kas ietekm\u0113 ra\u017eo\u0161anas procesu<br \/>\n6.6. Kapit\u0101lieguld\u012bjumu un amortiz\u0101cijas apr\u0113\u0137ins, kapit\u0101lda\u013cu v\u0113rt\u012bbas noteik\u0161ana<\/p>\n<p><strong class=\"color-3\">7. Biznesa vad\u012bbas sist\u0113ma<\/strong><\/p>\n<p style=\"padding-left: 30px\">7.1. Departamentu strukt\u016bras apraksts<br \/>\n7.2. L\u0113mumu sasaka\u0146o\u0161anas un pie\u0146em\u0161anas process<br \/>\n7.3. Vado\u0161o darbinieku pieredzes un kompetences apraksts (CV)<\/p>\n<p><strong class=\"color-3\">8. Finan\u0161u sast\u0101vda\u013cas apraksts<\/strong><\/p>\n<p style=\"padding-left: 30px\">8.1. Sagatavo\u0161anas jaut\u0101jumi<br \/>\n8.2. Pl\u0101na ievie\u0161anas termi\u0146\u0161<br \/>\n8.3. Biznesa procesu periodu frekvence<br \/>\n8.4. Finan\u0161u apr\u0113\u0137inu pie\u013caujamo neprec\u012bzit\u0101\u0161u apr\u0113\u0137ins<br \/>\n8.6. Produktu pa\u0161izmaksas kalkul\u0101cija<br \/>\n8.7. Pe\u013c\u0146as vai zaud\u0113jumu apr\u0113\u0137ins<br \/>\n8.8. Bilances atskaite<br \/>\n8.9. Finan\u0161u pl\u016bsmas prognoze<br \/>\n8.10. Kop\u0113jie pe\u013c\u0146as rentabilit\u0101tes apr\u0113\u0137ini<\/p>\n<p><strong class=\"color-3\">9. Riska faktoru anal\u012bze<\/strong><\/p>\n<p style=\"padding-left: 30px\">9.1. Tehnisko faktoru riski<br \/>\n9.2. Finan\u0161u riski<br \/>\n9.3. Invest\u012bciju risku anal\u012bze<br \/>\n9.4. Kred\u012btriski un citi<\/p>\n<p><strong class=\"color-3\">10. Pielikumi<\/strong><\/p><\/div><\/div><\/div><!-- tabs-wrapper end --><div class=\"clear\"><\/div>\n","protected":false},"excerpt":{"rendered":"<p>A business plan is a written document that describes in detail how a business, usually a new one, is going to achieve its goals. A business plan also recommended before the expansion of the company or considerable change of sphere of activity. A business plan provides an [&hellip;]<\/p>\n","protected":false},"author":1,"featured_media":0,"parent":27,"menu_order":0,"comment_status":"closed","ping_status":"closed","template":"","meta":{"footnotes":""},"class_list":["post-54","page","type-page","status-publish","hentry"],"yoast_head":"<!-- This site is optimized with the Yoast SEO plugin v24.9 - https:\/\/yoast.com\/wordpress\/plugins\/seo\/ -->\n<title>Business Plan - Business consultations<\/title>\n<meta name=\"robots\" content=\"index, follow, max-snippet:-1, max-image-preview:large, max-video-preview:-1\" \/>\n<link rel=\"canonical\" href=\"https:\/\/innologic.lv\/en\/services\/business-development\/business-plan\/\" \/>\n<meta property=\"og:locale\" content=\"en_US\" \/>\n<meta property=\"og:type\" content=\"article\" \/>\n<meta property=\"og:title\" content=\"Business Plan - Business consultations\" \/>\n<meta property=\"og:description\" content=\"A business plan is a written document that describes in detail how a business, usually a new one, is going to achieve its goals. A business plan also recommended before the expansion of the company or considerable change of sphere of activity. A business plan provides an [&hellip;]\" \/>\n<meta property=\"og:url\" content=\"https:\/\/innologic.lv\/en\/services\/business-development\/business-plan\/\" \/>\n<meta property=\"og:site_name\" content=\"Business consultations\" \/>\n<meta property=\"article:modified_time\" content=\"2016-08-04T11:03:41+00:00\" \/>\n<meta name=\"twitter:card\" content=\"summary_large_image\" \/>\n<meta name=\"twitter:label1\" content=\"Est. reading time\" \/>\n\t<meta name=\"twitter:data1\" content=\"3 minutes\" \/>\n<script type=\"application\/ld+json\" class=\"yoast-schema-graph\">{\"@context\":\"https:\/\/schema.org\",\"@graph\":[{\"@type\":\"WebPage\",\"@id\":\"https:\/\/innologic.lv\/en\/services\/business-development\/business-plan\/\",\"url\":\"https:\/\/innologic.lv\/en\/services\/business-development\/business-plan\/\",\"name\":\"Business Plan - Business consultations\",\"isPartOf\":{\"@id\":\"https:\/\/innologic.lv\/en\/#website\"},\"datePublished\":\"2015-08-22T11:31:56+00:00\",\"dateModified\":\"2016-08-04T11:03:41+00:00\",\"breadcrumb\":{\"@id\":\"https:\/\/innologic.lv\/en\/services\/business-development\/business-plan\/#breadcrumb\"},\"inLanguage\":\"en-US\",\"potentialAction\":[{\"@type\":\"ReadAction\",\"target\":[\"https:\/\/innologic.lv\/en\/services\/business-development\/business-plan\/\"]}]},{\"@type\":\"BreadcrumbList\",\"@id\":\"https:\/\/innologic.lv\/en\/services\/business-development\/business-plan\/#breadcrumb\",\"itemListElement\":[{\"@type\":\"ListItem\",\"position\":1,\"name\":\"Home\",\"item\":\"https:\/\/innologic.lv\/en\/\"},{\"@type\":\"ListItem\",\"position\":2,\"name\":\"Services\",\"item\":\"https:\/\/innologic.lv\/en\/services\/\"},{\"@type\":\"ListItem\",\"position\":3,\"name\":\"Business development\",\"item\":\"https:\/\/innologic.lv\/en\/services\/business-development\/\"},{\"@type\":\"ListItem\",\"position\":4,\"name\":\"Business Plan\"}]},{\"@type\":\"WebSite\",\"@id\":\"https:\/\/innologic.lv\/en\/#website\",\"url\":\"https:\/\/innologic.lv\/en\/\",\"name\":\"Business consultations\",\"description\":\"Business development solutions\",\"potentialAction\":[{\"@type\":\"SearchAction\",\"target\":{\"@type\":\"EntryPoint\",\"urlTemplate\":\"https:\/\/innologic.lv\/en\/?s={search_term_string}\"},\"query-input\":{\"@type\":\"PropertyValueSpecification\",\"valueRequired\":true,\"valueName\":\"search_term_string\"}}],\"inLanguage\":\"en-US\"}]}<\/script>\n<!-- \/ Yoast SEO plugin. -->","yoast_head_json":{"title":"Business Plan - Business consultations","robots":{"index":"index","follow":"follow","max-snippet":"max-snippet:-1","max-image-preview":"max-image-preview:large","max-video-preview":"max-video-preview:-1"},"canonical":"https:\/\/innologic.lv\/en\/services\/business-development\/business-plan\/","og_locale":"en_US","og_type":"article","og_title":"Business Plan - Business consultations","og_description":"A business plan is a written document that describes in detail how a business, usually a new one, is going to achieve its goals. A business plan also recommended before the expansion of the company or considerable change of sphere of activity. A business plan provides an [&hellip;]","og_url":"https:\/\/innologic.lv\/en\/services\/business-development\/business-plan\/","og_site_name":"Business consultations","article_modified_time":"2016-08-04T11:03:41+00:00","twitter_card":"summary_large_image","twitter_misc":{"Est. reading time":"3 minutes"},"schema":{"@context":"https:\/\/schema.org","@graph":[{"@type":"WebPage","@id":"https:\/\/innologic.lv\/en\/services\/business-development\/business-plan\/","url":"https:\/\/innologic.lv\/en\/services\/business-development\/business-plan\/","name":"Business Plan - Business consultations","isPartOf":{"@id":"https:\/\/innologic.lv\/en\/#website"},"datePublished":"2015-08-22T11:31:56+00:00","dateModified":"2016-08-04T11:03:41+00:00","breadcrumb":{"@id":"https:\/\/innologic.lv\/en\/services\/business-development\/business-plan\/#breadcrumb"},"inLanguage":"en-US","potentialAction":[{"@type":"ReadAction","target":["https:\/\/innologic.lv\/en\/services\/business-development\/business-plan\/"]}]},{"@type":"BreadcrumbList","@id":"https:\/\/innologic.lv\/en\/services\/business-development\/business-plan\/#breadcrumb","itemListElement":[{"@type":"ListItem","position":1,"name":"Home","item":"https:\/\/innologic.lv\/en\/"},{"@type":"ListItem","position":2,"name":"Services","item":"https:\/\/innologic.lv\/en\/services\/"},{"@type":"ListItem","position":3,"name":"Business development","item":"https:\/\/innologic.lv\/en\/services\/business-development\/"},{"@type":"ListItem","position":4,"name":"Business Plan"}]},{"@type":"WebSite","@id":"https:\/\/innologic.lv\/en\/#website","url":"https:\/\/innologic.lv\/en\/","name":"Business consultations","description":"Business development solutions","potentialAction":[{"@type":"SearchAction","target":{"@type":"EntryPoint","urlTemplate":"https:\/\/innologic.lv\/en\/?s={search_term_string}"},"query-input":{"@type":"PropertyValueSpecification","valueRequired":true,"valueName":"search_term_string"}}],"inLanguage":"en-US"}]}},"_links":{"self":[{"href":"https:\/\/innologic.lv\/en\/wp-json\/wp\/v2\/pages\/54","targetHints":{"allow":["GET"]}}],"collection":[{"href":"https:\/\/innologic.lv\/en\/wp-json\/wp\/v2\/pages"}],"about":[{"href":"https:\/\/innologic.lv\/en\/wp-json\/wp\/v2\/types\/page"}],"author":[{"embeddable":true,"href":"https:\/\/innologic.lv\/en\/wp-json\/wp\/v2\/users\/1"}],"replies":[{"embeddable":true,"href":"https:\/\/innologic.lv\/en\/wp-json\/wp\/v2\/comments?post=54"}],"version-history":[{"count":5,"href":"https:\/\/innologic.lv\/en\/wp-json\/wp\/v2\/pages\/54\/revisions"}],"predecessor-version":[{"id":335,"href":"https:\/\/innologic.lv\/en\/wp-json\/wp\/v2\/pages\/54\/revisions\/335"}],"up":[{"embeddable":true,"href":"https:\/\/innologic.lv\/en\/wp-json\/wp\/v2\/pages\/27"}],"wp:attachment":[{"href":"https:\/\/innologic.lv\/en\/wp-json\/wp\/v2\/media?parent=54"}],"curies":[{"name":"wp","href":"https:\/\/api.w.org\/{rel}","templated":true}]}}