{"id":33,"date":"2015-08-03T08:44:42","date_gmt":"2015-08-03T08:44:42","guid":{"rendered":"http:\/\/innologic.lv\/?page_id=33"},"modified":"2016-06-28T09:12:46","modified_gmt":"2016-06-28T09:12:46","slug":"consultations","status":"publish","type":"page","link":"https:\/\/innologic.lv\/en\/services\/consultations\/","title":{"rendered":"Consultations"},"content":{"rendered":"\n            <style type=\"text\/css\">\n\n                #content-block-background-1986 { background-image: url(http:\/\/innologic.lv\/wp-content\/uploads\/2015\/08\/sarunas60.jpg); background-position: center top; background-repeat: no-repeat; background-color: transparent; background-attachment: scroll; }\n\n                #content-block-body-1986 { padding: 60px 0; color: #FFFFFF; }\n\n                .content-block-body { margin-left: auto; margin-right: auto; position: relative; }\n\n            <\/style>\n\n\n                <style type=\"text\/css\">\n\n                    #wrapper-1 { overflow-x: hidden; }\n\n                    #content-block-background-1986 { margin: 0 -10000px; padding: 0 10000px; }\n\n                <\/style>\n\n\n            \n\n\n                <script type=\"text\/javascript\">\n\n                    \/\/ <![CDATA[\n\n                    jQuery(document).ready(function($){\n\n                        if( ! $(\"body\").hasClass( \"mobile-detected\" ) ){\n\n                            $(\"#content-block-background-\"+1986).each(function(){\n\n                                var $bgobj = $(this); \/\/ assigning the object\n\n                                var xPos = 'center'; \/\/ x bg position value from the user shortcode\n\n                                $(window).scroll(function() {\n\n                                    var yPos = -($(window).scrollTop() \/ 3);\n\n                                    \/\/ Put together our final background position\n\n                                    var coords = xPos+' '+yPos+'px';\n\n                                    \/\/ Move the background\n\n                                    $bgobj.css({ backgroundPosition: coords });\n\n                                });\n\n                            });\n\n                        }\n\n                    });\n\n                    \/\/ ]]>\n\n                <\/script>\n\n\n                \n\n            <div class=\"clear\"><\/div>\n\n            <div id=\"content-block-background-1986\" class=\"content-block-background class-name\">\n\n                <div id=\"content-block-body-1986\" class=\"content-block-body\">\n\n                    <div class=\"clear\"><\/div>\n\n                    \n<h2 style=\"color:#fff\">Konsult\u0101cijas ES fondu finan\u0161u l\u012bdzek\u013cu piesaist\u0113<\/h2>\n<p style=\"padding-left: 30px\">att\u012bst\u012bbas strat\u0113\u0123iju izstr\u0101d\u0113, biznesa pl\u0101na iztr\u0101d\u0113 vai invest\u012bciju piesaist\u0113, kontakt\u0113jaties<\/p>\n\n                    <div class=\"clear\"><\/div>\n\n                <\/div>\n\n            <\/div>\n\n            <div class=\"clear\"><\/div>\n\n\n<p>Bie\u017ei vien, lai p\u0101rliecin\u0101tos par sav\u0101m idej\u0101m un pie\u0146emtu izv\u0113rt\u0113tu l\u0113mumu, ir svar\u012bgi uzzin\u0101t viedokli no malas. M\u016bsu komp\u0101nija pied\u0101v\u0101 konsult\u0101cijas pakalpojumus, ES fondu finans\u0113juma piesaist\u0113, att\u012bst\u012bbas strat\u0113\u0123ijas izstr\u0101d\u0113, invest\u012bciju piesaist\u0113, biznesa pl\u0101na izstr\u0101d\u0113, un audio vizu\u0101las rekl\u0101mas jaut\u0101jumos. M\u0113s pal\u012bdz\u0113sim Jums izv\u0113l\u0113ties piem\u0113rot\u0101ku ES fondu, invest\u012bciju avotu un to piesaistes modeli, sniegsim atbalstu biznesa pl\u0101na izstr\u0101d\u0113.<\/p>\n<p>Konsult\u0101cijas iesp\u0113jams sa\u0146emt Jums \u0113rt\u0101kaj\u0101 veid\u0101:<\/p>\n<ul>\n<li>pa t\u0101lruni,<\/li>\n<li>skype konferences veid\u0101, vai<\/li>\n<li>kl\u0101tien\u0113.<\/li>\n<\/ul>\n","protected":false},"excerpt":{"rendered":"<p>Bie\u017ei vien, lai p\u0101rliecin\u0101tos par sav\u0101m idej\u0101m un pie\u0146emtu izv\u0113rt\u0113tu l\u0113mumu, ir svar\u012bgi uzzin\u0101t viedokli no malas. M\u016bsu komp\u0101nija pied\u0101v\u0101 konsult\u0101cijas pakalpojumus, ES fondu finans\u0113juma piesaist\u0113, att\u012bst\u012bbas strat\u0113\u0123ijas izstr\u0101d\u0113, invest\u012bciju piesaist\u0113, biznesa pl\u0101na izstr\u0101d\u0113, un audio vizu\u0101las rekl\u0101mas jaut\u0101jumos. M\u0113s pal\u012bdz\u0113sim Jums izv\u0113l\u0113ties piem\u0113rot\u0101ku ES fondu, invest\u012bciju [&hellip;]<\/p>\n","protected":false},"author":1,"featured_media":0,"parent":8,"menu_order":4,"comment_status":"closed","ping_status":"closed","template":"","meta":{"footnotes":""},"class_list":["post-33","page","type-page","status-publish","hentry"],"yoast_head":"<!-- This site is optimized with the Yoast SEO plugin v24.9 - https:\/\/yoast.com\/wordpress\/plugins\/seo\/ -->\n<title>Consultations - Business consultations<\/title>\n<meta name=\"robots\" content=\"index, follow, max-snippet:-1, max-image-preview:large, max-video-preview:-1\" \/>\n<link rel=\"canonical\" href=\"https:\/\/innologic.lv\/en\/services\/consultations\/\" \/>\n<meta property=\"og:locale\" content=\"en_US\" \/>\n<meta property=\"og:type\" content=\"article\" \/>\n<meta property=\"og:title\" content=\"Consultations - Business consultations\" \/>\n<meta property=\"og:description\" content=\"Bie\u017ei vien, lai p\u0101rliecin\u0101tos par sav\u0101m idej\u0101m un pie\u0146emtu izv\u0113rt\u0113tu l\u0113mumu, ir svar\u012bgi uzzin\u0101t viedokli no malas. M\u016bsu komp\u0101nija pied\u0101v\u0101 konsult\u0101cijas pakalpojumus, ES fondu finans\u0113juma piesaist\u0113, att\u012bst\u012bbas strat\u0113\u0123ijas izstr\u0101d\u0113, invest\u012bciju piesaist\u0113, biznesa pl\u0101na izstr\u0101d\u0113, un audio vizu\u0101las rekl\u0101mas jaut\u0101jumos. M\u0113s pal\u012bdz\u0113sim Jums izv\u0113l\u0113ties piem\u0113rot\u0101ku ES fondu, invest\u012bciju [&hellip;]\" \/>\n<meta property=\"og:url\" content=\"https:\/\/innologic.lv\/en\/services\/consultations\/\" \/>\n<meta property=\"og:site_name\" content=\"Business consultations\" \/>\n<meta property=\"article:modified_time\" content=\"2016-06-28T09:12:46+00:00\" \/>\n<meta name=\"twitter:card\" content=\"summary_large_image\" \/>\n<meta name=\"twitter:label1\" content=\"Est. reading time\" \/>\n\t<meta name=\"twitter:data1\" content=\"1 minute\" \/>\n<script type=\"application\/ld+json\" class=\"yoast-schema-graph\">{\"@context\":\"https:\/\/schema.org\",\"@graph\":[{\"@type\":\"WebPage\",\"@id\":\"https:\/\/innologic.lv\/en\/services\/consultations\/\",\"url\":\"https:\/\/innologic.lv\/en\/services\/consultations\/\",\"name\":\"Consultations - Business consultations\",\"isPartOf\":{\"@id\":\"https:\/\/innologic.lv\/en\/#website\"},\"datePublished\":\"2015-08-03T08:44:42+00:00\",\"dateModified\":\"2016-06-28T09:12:46+00:00\",\"breadcrumb\":{\"@id\":\"https:\/\/innologic.lv\/en\/services\/consultations\/#breadcrumb\"},\"inLanguage\":\"en-US\",\"potentialAction\":[{\"@type\":\"ReadAction\",\"target\":[\"https:\/\/innologic.lv\/en\/services\/consultations\/\"]}]},{\"@type\":\"BreadcrumbList\",\"@id\":\"https:\/\/innologic.lv\/en\/services\/consultations\/#breadcrumb\",\"itemListElement\":[{\"@type\":\"ListItem\",\"position\":1,\"name\":\"Home\",\"item\":\"https:\/\/innologic.lv\/en\/\"},{\"@type\":\"ListItem\",\"position\":2,\"name\":\"Services\",\"item\":\"https:\/\/innologic.lv\/en\/services\/\"},{\"@type\":\"ListItem\",\"position\":3,\"name\":\"Consultations\"}]},{\"@type\":\"WebSite\",\"@id\":\"https:\/\/innologic.lv\/en\/#website\",\"url\":\"https:\/\/innologic.lv\/en\/\",\"name\":\"Business consultations\",\"description\":\"Business development solutions\",\"potentialAction\":[{\"@type\":\"SearchAction\",\"target\":{\"@type\":\"EntryPoint\",\"urlTemplate\":\"https:\/\/innologic.lv\/en\/?s={search_term_string}\"},\"query-input\":{\"@type\":\"PropertyValueSpecification\",\"valueRequired\":true,\"valueName\":\"search_term_string\"}}],\"inLanguage\":\"en-US\"}]}<\/script>\n<!-- \/ Yoast SEO plugin. -->","yoast_head_json":{"title":"Consultations - Business consultations","robots":{"index":"index","follow":"follow","max-snippet":"max-snippet:-1","max-image-preview":"max-image-preview:large","max-video-preview":"max-video-preview:-1"},"canonical":"https:\/\/innologic.lv\/en\/services\/consultations\/","og_locale":"en_US","og_type":"article","og_title":"Consultations - Business consultations","og_description":"Bie\u017ei vien, lai p\u0101rliecin\u0101tos par sav\u0101m idej\u0101m un pie\u0146emtu izv\u0113rt\u0113tu l\u0113mumu, ir svar\u012bgi uzzin\u0101t viedokli no malas. M\u016bsu komp\u0101nija pied\u0101v\u0101 konsult\u0101cijas pakalpojumus, ES fondu finans\u0113juma piesaist\u0113, att\u012bst\u012bbas strat\u0113\u0123ijas izstr\u0101d\u0113, invest\u012bciju piesaist\u0113, biznesa pl\u0101na izstr\u0101d\u0113, un audio vizu\u0101las rekl\u0101mas jaut\u0101jumos. M\u0113s pal\u012bdz\u0113sim Jums izv\u0113l\u0113ties piem\u0113rot\u0101ku ES fondu, invest\u012bciju [&hellip;]","og_url":"https:\/\/innologic.lv\/en\/services\/consultations\/","og_site_name":"Business consultations","article_modified_time":"2016-06-28T09:12:46+00:00","twitter_card":"summary_large_image","twitter_misc":{"Est. reading time":"1 minute"},"schema":{"@context":"https:\/\/schema.org","@graph":[{"@type":"WebPage","@id":"https:\/\/innologic.lv\/en\/services\/consultations\/","url":"https:\/\/innologic.lv\/en\/services\/consultations\/","name":"Consultations - Business consultations","isPartOf":{"@id":"https:\/\/innologic.lv\/en\/#website"},"datePublished":"2015-08-03T08:44:42+00:00","dateModified":"2016-06-28T09:12:46+00:00","breadcrumb":{"@id":"https:\/\/innologic.lv\/en\/services\/consultations\/#breadcrumb"},"inLanguage":"en-US","potentialAction":[{"@type":"ReadAction","target":["https:\/\/innologic.lv\/en\/services\/consultations\/"]}]},{"@type":"BreadcrumbList","@id":"https:\/\/innologic.lv\/en\/services\/consultations\/#breadcrumb","itemListElement":[{"@type":"ListItem","position":1,"name":"Home","item":"https:\/\/innologic.lv\/en\/"},{"@type":"ListItem","position":2,"name":"Services","item":"https:\/\/innologic.lv\/en\/services\/"},{"@type":"ListItem","position":3,"name":"Consultations"}]},{"@type":"WebSite","@id":"https:\/\/innologic.lv\/en\/#website","url":"https:\/\/innologic.lv\/en\/","name":"Business consultations","description":"Business development solutions","potentialAction":[{"@type":"SearchAction","target":{"@type":"EntryPoint","urlTemplate":"https:\/\/innologic.lv\/en\/?s={search_term_string}"},"query-input":{"@type":"PropertyValueSpecification","valueRequired":true,"valueName":"search_term_string"}}],"inLanguage":"en-US"}]}},"_links":{"self":[{"href":"https:\/\/innologic.lv\/en\/wp-json\/wp\/v2\/pages\/33","targetHints":{"allow":["GET"]}}],"collection":[{"href":"https:\/\/innologic.lv\/en\/wp-json\/wp\/v2\/pages"}],"about":[{"href":"https:\/\/innologic.lv\/en\/wp-json\/wp\/v2\/types\/page"}],"author":[{"embeddable":true,"href":"https:\/\/innologic.lv\/en\/wp-json\/wp\/v2\/users\/1"}],"replies":[{"embeddable":true,"href":"https:\/\/innologic.lv\/en\/wp-json\/wp\/v2\/comments?post=33"}],"version-history":[{"count":1,"href":"https:\/\/innologic.lv\/en\/wp-json\/wp\/v2\/pages\/33\/revisions"}],"predecessor-version":[{"id":276,"href":"https:\/\/innologic.lv\/en\/wp-json\/wp\/v2\/pages\/33\/revisions\/276"}],"up":[{"embeddable":true,"href":"https:\/\/innologic.lv\/en\/wp-json\/wp\/v2\/pages\/8"}],"wp:attachment":[{"href":"https:\/\/innologic.lv\/en\/wp-json\/wp\/v2\/media?parent=33"}],"curies":[{"name":"wp","href":"https:\/\/api.w.org\/{rel}","templated":true}]}}