{"id":31,"date":"2015-08-03T08:44:17","date_gmt":"2015-08-03T08:44:17","guid":{"rendered":"http:\/\/innologic.lv\/?page_id=31"},"modified":"2016-06-28T09:13:49","modified_gmt":"2016-06-28T09:13:49","slug":"outsourcing","status":"publish","type":"page","link":"https:\/\/innologic.lv\/en\/outsourcing\/","title":{"rendered":"Outsourcing"},"content":{"rendered":"\n            <style type=\"text\/css\">\n\n                #content-block-background-1410 { background-image: url(http:\/\/innologic.lv\/wp-content\/uploads\/2015\/09\/arpakalpojumi.jpg); background-position: center top; background-repeat: no-repeat; background-color: transparent; background-attachment: scroll; }\n\n                #content-block-body-1410 { padding: 60px 0; color: #FFFFFF; }\n\n                .content-block-body { margin-left: auto; margin-right: auto; position: relative; }\n\n            <\/style>\n\n\n                <style type=\"text\/css\">\n\n                    #wrapper-1 { overflow-x: hidden; }\n\n                    #content-block-background-1410 { margin: 0 -10000px; padding: 0 10000px; }\n\n                <\/style>\n\n\n            \n\n\n                <script type=\"text\/javascript\">\n\n                    \/\/ <![CDATA[\n\n                    jQuery(document).ready(function($){\n\n                        if( ! $(\"body\").hasClass( \"mobile-detected\" ) ){\n\n                            $(\"#content-block-background-\"+1410).each(function(){\n\n                                var $bgobj = $(this); \/\/ assigning the object\n\n                                var xPos = 'center'; \/\/ x bg position value from the user shortcode\n\n                                $(window).scroll(function() {\n\n                                    var yPos = -($(window).scrollTop() \/ 3);\n\n                                    \/\/ Put together our final background position\n\n                                    var coords = xPos+' '+yPos+'px';\n\n                                    \/\/ Move the background\n\n                                    $bgobj.css({ backgroundPosition: coords });\n\n                                });\n\n                            });\n\n                        }\n\n                    });\n\n                    \/\/ ]]>\n\n                <\/script>\n\n\n                \n\n            <div class=\"clear\"><\/div>\n\n            <div id=\"content-block-background-1410\" class=\"content-block-background class-name\">\n\n                <div id=\"content-block-body-1410\" class=\"content-block-body\">\n\n                    <div class=\"clear\"><\/div>\n\n                    \n<h2 style=\"color:#fff\">Atbalsts un pal\u012bdz\u012bba jebkur\u0101 situ\u0101cij\u0101 un laik\u0101<\/h2>\n<p>Pl\u0101nojiet att\u012bst\u012bt, reorganiz\u0113t vai uzs\u0101kt jaunu biznesu. Tad Jums neizvair\u012bties no vad\u012bbas l\u0113mumiem darba person\u0101la jaut\u0101jumos.<br \/>\n\n                    <div class=\"clear\"><\/div>\n\n                <\/div>\n\n            <\/div>\n\n            <div class=\"clear\"><\/div>\n\n\n<p>M\u0113s pied\u0101v\u0101jam izdev\u012bg\u0101ko risin\u0101jumu \u0161\u0101du l\u0113mumu pie\u0146em\u0161an\u0101 \u2013 sadarbojoties ar m\u016bsu komp\u0101niju, J\u016bs ne tikai sa\u0146emsiet kvalitat\u012bvus pakalpojumus par izdev\u012bgu cenu, ietaupot uz darbinieka uztur\u0113\u0161anas soci\u0101lajiem maks\u0101jumiem un darba vietas ier\u012bko\u0161anu, bet ar\u012b atkrit\u012bs darbinieka motiv\u0113\u0161anas nepiecie\u0161am\u012bba, jo m\u016bsu komp\u0101nija darboj\u0101s p\u0113c augst\u0101ko standartu pras\u012bb\u0101m, kurus nosaka augst\u0101 tirgus konkurence, r\u016bpes par savu un m\u016bsu klientu reput\u0101ciju. M\u0113s \u013coti labi apzin\u0101mies \u2013 ko, kam, k\u0101d\u0101 veid\u0101, ar k\u0101diem l\u012bdzek\u013ciem m\u0113s dar\u0101m un k\u0101du rezult\u0101tu gaida m\u016bsu klients.<\/p>\n<p>Sl\u0113dzot l\u012bgumu ar m\u016bsu komp\u0101niju, J\u016bs ieg\u016bsiet profesion\u0101\u013cus, kas p\u0113c savas pieredzes apzin\u0101s, kas ir patst\u0101v\u012bga uz\u0146\u0113m\u0113jdarb\u012bba un k\u0101d\u0101 veid\u0101 iesp\u0113jams to att\u012bst\u012bt tie\u0161i J\u016bsu ieguvumam.<\/p>\n<p>M\u0113s esam orient\u0113ti uz vid\u0113ja un ilgtermi\u0146a sadarb\u012bbas veido\u0161anu, g\u016bstot maksim\u0101lo siner\u0123ijas efektu visiem iesaist\u012btiem partneriem.<\/p>\n<p>M\u016bsu komp\u0101nijas darb\u012bbas pieredze, darbinieku kvalifik\u0101cija un realiz\u0113tie projekti, rada iesp\u0113ju sniegt sekojo\u0161us \u0101rpakalpojumus<\/p>\n<ul>\n<li><strong>Brainstorming<\/strong><br \/>\n\u2014 pr\u0101ta v\u0113tras metode. Jums ir situ\u0101cija, kuru nepiecie\u0161ams atrisin\u0101t, un v\u0113laties izv\u0113rt\u0113t ar\u012b domas un redz\u0113jumu no malas. Kop\u0101 m\u0113s atrad\u012bsim risin\u0101jumu, un nav starp\u012bbas vai runa iet par biznesa att\u012bst\u012bbu, vai teko\u0161as situ\u0101cijas risin\u0101\u0161anu.<\/li>\n<li><strong>Att\u012bst\u012bbas pl\u0101no\u0161ana<\/strong><br \/>\n\u2014 komp\u0101nijas biznesa procesu att\u012bst\u012bbas pl\u0101na izstr\u0101de; komp\u0101nijas darb\u012bbas nozares anal\u012bze, jaunu produktu vai pakalpojumu ievie\u0161anas izv\u0113rt\u0113jums; veiksm\u012bgas biznesa idejas inkub\u0101cija l\u012bdz ievie\u0161anas stadijai; biznesa pl\u0101na izstr\u0101de, prezent\u0113\u0161ana komp\u0101nijas vad\u012bbai.<\/li>\n<li><strong>Finanses un invest\u012bcijas<\/strong><br \/>\n\u2014 finans\u0113juma piesaiste no bank\u0101m, fondiem un priv\u0101to investoru avotiem; pied\u0101v\u0101jumu investoriem sagatavo\u0161ana un prezent\u0113\u0161ana, p\u0101rrunu organiz\u0113\u0161ana; finans\u0113juma piesaiste no ES fondiem, projekta iesniegumu sagatavo\u0161ana un iesnieg\u0161ana atbild\u012bgaj\u0101s iest\u0101des; potenci\u0101lo l\u012bdzfinans\u0113juma avotu nep\u0101rtraukta aktualiz\u0113\u0161ana un pied\u0101v\u0101jumu prezent\u0113\u0161ana komp\u0101nijas vad\u012bbai.<\/li>\n<li><strong>Finan\u0161u anal\u012btika un bud\u017eeta pl\u0101no\u0161ana<\/strong><br \/>\n\u2014 uz\u0146\u0113muma saimnieciskas darb\u012bbas anal\u012bze, rentabilit\u0101tes, likvidit\u0101tes un citu svar\u012bg\u0101ko finan\u0161u koeficientu sal\u012bdzin\u0101jums ar nozares vado\u0161o sp\u0113l\u0113t\u0101ju r\u0101d\u012bt\u0101jiem, priek\u0161likumu sagatavo\u0161ana un iesnieg\u0161ana komp\u0101nijas vad\u012bbai; ikgad\u0113ja komp\u0101nijas bud\u017eeta izstr\u0101de un kontroles funkcijas izpilde, ikm\u0113ne\u0161a atskaites un priek\u0161likumi par bud\u017eeta izpildes gaitu; produkcijas pa\u0161izmaksas un realiz\u0101cijas cenu kalkul\u0101cija.<\/li>\n<li><strong>M\u0101rketings<\/strong><br \/>\n\u2014 m\u0101rketinga anal\u012bze, m\u0101rketinga strat\u0113\u0123ijas izstr\u0101de, m\u0101rketinga programmas, m\u0101rketinga programmu realiz\u0101cija, ekonometrisk\u0101 anal\u012bze, tirgus anal\u012bze, konkurences anal\u012bze, noieta tirgus, un eksports, pre\u010du pl\u016bsma, komp\u0101nijas cenu veido\u0161anas politikas anal\u012bze;<\/li>\n<li><strong>Projektu vad\u012bba<\/strong><br \/>\n\u2014 projektu ievie\u0161anas pl\u0101na sagatavo\u0161ana; iepirkuma proced\u016bras dokument\u0101cijas sagatavo\u0161ana; nepiecie\u0161amo resursu un laika kalkul\u0101cija; p\u0101rrunu un tik\u0161anos, ar projekta ietvaros paredz\u0113to sadarb\u012bbas partneru vai pieg\u0101d\u0101t\u0101ju, r\u012bko\u0161ana; projekta realiz\u0101cijas gaitas kontrole.<\/li>\n<li><strong>Riska vad\u012bba<\/strong><br \/>\n\u2014 riska faktoru apzin\u0101\u0161an\u0101s un anal\u012bze; SWOT anal\u012bze un darb\u012bbas situ\u0101cijas uzlabo\u0161anai; j\u016bt\u012bguma un riska anal\u012bzes mode\u013ca izstr\u0101de un pielieto\u0161ana komp\u0101nijas ikdienas darb\u0101; izejas strat\u0113\u0123ijas izstr\u0101de un nep\u0101rtraukta pilnveido\u0161ana situ\u0101cijai mainoties.<\/li>\n<\/ul>\n<div class=\"custom\" style=\"background:-moz-linear-gradient(center top , #343A41, #343A41) repeat scroll 0 0 transparent;\n\n\t\t\t\t\t       background: -webkit-gradient(linear, center top, center bottom, from(#343A41), to(#343A41));\n\n                                               background: -o-linear-gradient(top, #343A41 0%,#343A41 99%); \/* Opera 11.10+ *\/\n\n                                               background: -ms-linear-gradient(top, #343A41 0%,#343A41 99%); \/* IE10+ *\/\n\n\t\t\t\t\t       margin-left:0 !important;\n\n\t\t\t\t\t       margin-right:0 !important;\n\n\t\t\t\t\t       border:1px solid #333333;\n\n\t\t\t\t\t       background-color: #343A41;\n\n\t\t\t\t\t       width:100%;\n\n\t\t\t\t\t       color:#ffffff;\"><div class=\"inner-padding\">\n<p>K\u0101 uzs\u0101kt sadarb\u012bbu:<\/p>\n<p>Jums j\u0101sazin\u0101s ar vienu no m\u016bsu komp\u0101nijas atbild\u012bgajiem darbiniekiem, j\u0101nos\u016bt J\u016bsu komp\u0101nijas darb\u012bbas neliels apraksts un Jums nepiecie\u0161ama pakalpojuma b\u016bt\u012bbu. Da\u017eu dienu laik\u0101, J\u016bs sa\u0146emsiet atbildi ar iesp\u0113jam\u0101s savstarp\u0113j\u0101s sadarb\u012bbas konceptu\u0101lo aprakstu, pie abpus\u0113jas intereses j\u0101vienojas par atbild\u012bgo personu tik\u0161anos, kuras laik\u0101 tiks noteikti sadarb\u012bbas l\u012bguma nosac\u012bjumi un atl\u012bdz\u012bbas apm\u0113rs. P\u0113c sadarb\u012bbas un konfidencialit\u0101tes l\u012bgumu parakst\u012b\u0161anas m\u016bsu komanda uzs\u0101ks darbu saska\u0146\u0101 ar l\u012bgumiem.<br \/>\n<\/div><\/div>\n","protected":false},"excerpt":{"rendered":"<p>M\u0113s pied\u0101v\u0101jam izdev\u012bg\u0101ko risin\u0101jumu \u0161\u0101du l\u0113mumu pie\u0146em\u0161an\u0101 \u2013 sadarbojoties ar m\u016bsu komp\u0101niju, J\u016bs ne tikai sa\u0146emsiet kvalitat\u012bvus pakalpojumus par izdev\u012bgu cenu, ietaupot uz darbinieka uztur\u0113\u0161anas soci\u0101lajiem maks\u0101jumiem un darba vietas ier\u012bko\u0161anu, bet ar\u012b atkrit\u012bs darbinieka motiv\u0113\u0161anas nepiecie\u0161am\u012bba, jo m\u016bsu komp\u0101nija darboj\u0101s p\u0113c augst\u0101ko standartu pras\u012bb\u0101m, kurus nosaka [&hellip;]<\/p>\n","protected":false},"author":1,"featured_media":0,"parent":0,"menu_order":2,"comment_status":"closed","ping_status":"closed","template":"","meta":{"footnotes":""},"class_list":["post-31","page","type-page","status-publish","hentry"],"yoast_head":"<!-- This site is optimized with the Yoast SEO plugin v24.9 - https:\/\/yoast.com\/wordpress\/plugins\/seo\/ -->\n<title>Outsourcing - Business consultations<\/title>\n<meta name=\"robots\" content=\"index, follow, max-snippet:-1, max-image-preview:large, max-video-preview:-1\" \/>\n<link rel=\"canonical\" href=\"https:\/\/innologic.lv\/en\/outsourcing\/\" \/>\n<meta property=\"og:locale\" content=\"en_US\" \/>\n<meta property=\"og:type\" content=\"article\" \/>\n<meta property=\"og:title\" content=\"Outsourcing - Business consultations\" \/>\n<meta property=\"og:description\" content=\"M\u0113s pied\u0101v\u0101jam izdev\u012bg\u0101ko risin\u0101jumu \u0161\u0101du l\u0113mumu pie\u0146em\u0161an\u0101 \u2013 sadarbojoties ar m\u016bsu komp\u0101niju, J\u016bs ne tikai sa\u0146emsiet kvalitat\u012bvus pakalpojumus par izdev\u012bgu cenu, ietaupot uz darbinieka uztur\u0113\u0161anas soci\u0101lajiem maks\u0101jumiem un darba vietas ier\u012bko\u0161anu, bet ar\u012b atkrit\u012bs darbinieka motiv\u0113\u0161anas nepiecie\u0161am\u012bba, jo m\u016bsu komp\u0101nija darboj\u0101s p\u0113c augst\u0101ko standartu pras\u012bb\u0101m, kurus nosaka [&hellip;]\" \/>\n<meta property=\"og:url\" content=\"https:\/\/innologic.lv\/en\/outsourcing\/\" \/>\n<meta property=\"og:site_name\" content=\"Business consultations\" \/>\n<meta property=\"article:modified_time\" content=\"2016-06-28T09:13:49+00:00\" \/>\n<meta name=\"twitter:card\" content=\"summary_large_image\" \/>\n<meta name=\"twitter:label1\" content=\"Est. reading time\" \/>\n\t<meta name=\"twitter:data1\" content=\"4 minutes\" \/>\n<script type=\"application\/ld+json\" class=\"yoast-schema-graph\">{\"@context\":\"https:\/\/schema.org\",\"@graph\":[{\"@type\":\"WebPage\",\"@id\":\"https:\/\/innologic.lv\/en\/outsourcing\/\",\"url\":\"https:\/\/innologic.lv\/en\/outsourcing\/\",\"name\":\"Outsourcing - Business consultations\",\"isPartOf\":{\"@id\":\"https:\/\/innologic.lv\/en\/#website\"},\"datePublished\":\"2015-08-03T08:44:17+00:00\",\"dateModified\":\"2016-06-28T09:13:49+00:00\",\"breadcrumb\":{\"@id\":\"https:\/\/innologic.lv\/en\/outsourcing\/#breadcrumb\"},\"inLanguage\":\"en-US\",\"potentialAction\":[{\"@type\":\"ReadAction\",\"target\":[\"https:\/\/innologic.lv\/en\/outsourcing\/\"]}]},{\"@type\":\"BreadcrumbList\",\"@id\":\"https:\/\/innologic.lv\/en\/outsourcing\/#breadcrumb\",\"itemListElement\":[{\"@type\":\"ListItem\",\"position\":1,\"name\":\"Home\",\"item\":\"https:\/\/innologic.lv\/en\/\"},{\"@type\":\"ListItem\",\"position\":2,\"name\":\"Outsourcing\"}]},{\"@type\":\"WebSite\",\"@id\":\"https:\/\/innologic.lv\/en\/#website\",\"url\":\"https:\/\/innologic.lv\/en\/\",\"name\":\"Business consultations\",\"description\":\"Business development solutions\",\"potentialAction\":[{\"@type\":\"SearchAction\",\"target\":{\"@type\":\"EntryPoint\",\"urlTemplate\":\"https:\/\/innologic.lv\/en\/?s={search_term_string}\"},\"query-input\":{\"@type\":\"PropertyValueSpecification\",\"valueRequired\":true,\"valueName\":\"search_term_string\"}}],\"inLanguage\":\"en-US\"}]}<\/script>\n<!-- \/ Yoast SEO plugin. -->","yoast_head_json":{"title":"Outsourcing - Business consultations","robots":{"index":"index","follow":"follow","max-snippet":"max-snippet:-1","max-image-preview":"max-image-preview:large","max-video-preview":"max-video-preview:-1"},"canonical":"https:\/\/innologic.lv\/en\/outsourcing\/","og_locale":"en_US","og_type":"article","og_title":"Outsourcing - Business consultations","og_description":"M\u0113s pied\u0101v\u0101jam izdev\u012bg\u0101ko risin\u0101jumu \u0161\u0101du l\u0113mumu pie\u0146em\u0161an\u0101 \u2013 sadarbojoties ar m\u016bsu komp\u0101niju, J\u016bs ne tikai sa\u0146emsiet kvalitat\u012bvus pakalpojumus par izdev\u012bgu cenu, ietaupot uz darbinieka uztur\u0113\u0161anas soci\u0101lajiem maks\u0101jumiem un darba vietas ier\u012bko\u0161anu, bet ar\u012b atkrit\u012bs darbinieka motiv\u0113\u0161anas nepiecie\u0161am\u012bba, jo m\u016bsu komp\u0101nija darboj\u0101s p\u0113c augst\u0101ko standartu pras\u012bb\u0101m, kurus nosaka [&hellip;]","og_url":"https:\/\/innologic.lv\/en\/outsourcing\/","og_site_name":"Business consultations","article_modified_time":"2016-06-28T09:13:49+00:00","twitter_card":"summary_large_image","twitter_misc":{"Est. reading time":"4 minutes"},"schema":{"@context":"https:\/\/schema.org","@graph":[{"@type":"WebPage","@id":"https:\/\/innologic.lv\/en\/outsourcing\/","url":"https:\/\/innologic.lv\/en\/outsourcing\/","name":"Outsourcing - Business consultations","isPartOf":{"@id":"https:\/\/innologic.lv\/en\/#website"},"datePublished":"2015-08-03T08:44:17+00:00","dateModified":"2016-06-28T09:13:49+00:00","breadcrumb":{"@id":"https:\/\/innologic.lv\/en\/outsourcing\/#breadcrumb"},"inLanguage":"en-US","potentialAction":[{"@type":"ReadAction","target":["https:\/\/innologic.lv\/en\/outsourcing\/"]}]},{"@type":"BreadcrumbList","@id":"https:\/\/innologic.lv\/en\/outsourcing\/#breadcrumb","itemListElement":[{"@type":"ListItem","position":1,"name":"Home","item":"https:\/\/innologic.lv\/en\/"},{"@type":"ListItem","position":2,"name":"Outsourcing"}]},{"@type":"WebSite","@id":"https:\/\/innologic.lv\/en\/#website","url":"https:\/\/innologic.lv\/en\/","name":"Business consultations","description":"Business development solutions","potentialAction":[{"@type":"SearchAction","target":{"@type":"EntryPoint","urlTemplate":"https:\/\/innologic.lv\/en\/?s={search_term_string}"},"query-input":{"@type":"PropertyValueSpecification","valueRequired":true,"valueName":"search_term_string"}}],"inLanguage":"en-US"}]}},"_links":{"self":[{"href":"https:\/\/innologic.lv\/en\/wp-json\/wp\/v2\/pages\/31","targetHints":{"allow":["GET"]}}],"collection":[{"href":"https:\/\/innologic.lv\/en\/wp-json\/wp\/v2\/pages"}],"about":[{"href":"https:\/\/innologic.lv\/en\/wp-json\/wp\/v2\/types\/page"}],"author":[{"embeddable":true,"href":"https:\/\/innologic.lv\/en\/wp-json\/wp\/v2\/users\/1"}],"replies":[{"embeddable":true,"href":"https:\/\/innologic.lv\/en\/wp-json\/wp\/v2\/comments?post=31"}],"version-history":[{"count":1,"href":"https:\/\/innologic.lv\/en\/wp-json\/wp\/v2\/pages\/31\/revisions"}],"predecessor-version":[{"id":278,"href":"https:\/\/innologic.lv\/en\/wp-json\/wp\/v2\/pages\/31\/revisions\/278"}],"wp:attachment":[{"href":"https:\/\/innologic.lv\/en\/wp-json\/wp\/v2\/media?parent=31"}],"curies":[{"name":"wp","href":"https:\/\/api.w.org\/{rel}","templated":true}]}}