{"id":25,"date":"2015-08-03T08:42:08","date_gmt":"2015-08-03T08:42:08","guid":{"rendered":"http:\/\/innologic.lv\/?page_id=25"},"modified":"2016-06-28T09:12:05","modified_gmt":"2016-06-28T09:12:05","slug":"attraction-of-investment","status":"publish","type":"page","link":"https:\/\/innologic.lv\/en\/services\/attraction-of-investment\/","title":{"rendered":"Attraction of investment"},"content":{"rendered":"\n            <style type=\"text\/css\">\n\n                #content-block-background-1831 { background-image: url(http:\/\/innologic.lv\/wp-content\/uploads\/2015\/09\/business_diagr2.jpg); background-position: center center; background-repeat: no-repeat; background-color: transparent; background-attachment: scroll; }\n\n                #content-block-body-1831 { padding: 60px 0; color: #FFFFFF; }\n\n                .content-block-body { margin-left: auto; margin-right: auto; position: relative; }\n\n            <\/style>\n\n\n                <style type=\"text\/css\">\n\n                    #wrapper-1 { overflow-x: hidden; }\n\n                    #content-block-background-1831 { margin: 0 -10000px; padding: 0 10000px; }\n\n                <\/style>\n\n\n            \n\n\n                \n\n            <div class=\"clear\"><\/div>\n\n            <div id=\"content-block-background-1831\" class=\"content-block-background class-name\">\n\n                <div id=\"content-block-body-1831\" class=\"content-block-body\">\n\n                    <div class=\"clear\"><\/div>\n\n                    \n<h2 style=\"color: #fff\">Invest\u012bcijas &#8211; finan\u0161u, materi\u0101lo un nemateri\u0101lo l\u012bdzek\u013cu ieguld\u012bjums<\/h2>\n<p>ar m\u0113r\u0137i g\u016bt materi\u0101lo labumu procentu maks\u0101jumu vai pe\u013c\u0146as veid\u0101. Invest\u012bciju piesaiste ir vit\u0101li svar\u012bgs jaut\u0101jums, jo bez t\u0101m nav iesp\u0113jams ievest dz\u012bv\u0113 pat vislab\u0101ko ideju. Liel\u0101k\u0101 m\u0113r\u0101 invest\u012bciju piesaistes process ir atkar\u012bgs no J\u016bsu biznesa procesa stadijas (piem\u0113ram: idejas, projekta sagatavo\u0161anas vai biznesa papla\u0161in\u0101\u0161anas). M\u016bsu komp\u0101nija pal\u012bdz invest\u012bciju piesaistei J\u016bsu biznesam no idejas formul\u0113\u0161anas l\u012bdz invest\u012bciju l\u012bguma nosl\u0113g\u0161anas.<br \/>\n\n                    <div class=\"clear\"><\/div>\n\n                <\/div>\n\n            <\/div>\n\n            <div class=\"clear\"><\/div>\n\n\n<p>&nbsp;<\/p>\n<p>&nbsp;<\/p>\n<div class=\"clear\"><\/div><div class=\"accordion-wrapper\"><h3 class=\"accordion-toggle\"><a href=\"#\">Process<\/a><\/h3><div class=\"accordion-container\">  <div class=\"content-block\"><h3>Invest\u012bciju piesaistes process<\/h3>\n<p>Neatkar\u012bgi no biznesa att\u012bst\u012bbai nepiecie\u0161ama invest\u012bciju apjoma, biznesa pl\u0101ns ir dokuments, ar kura pal\u012bdz\u012bbu investors anal\u012bz\u0113s savu ieguld\u012bjumu ekonomisko pamatojam\u012bbu un potenci\u0101lus riskus, kas savuk\u0101rt izpaud\u012bsies investora l\u0113mum\u0101 un invest\u012bciju cen\u0101.<\/p>\n<p>P\u0113c biznesa pl\u0101na izstr\u0101des un izv\u0113rt\u0113juma, kad ir apzin\u0101ti potenci\u0101lie ie\u0146\u0113mumi un izdevumi, seko n\u0101ko\u0161ais posms &#8211; biznesa pl\u0101na re\u0101lais pamatojums. Tas ietver sev\u012b nodomu l\u012bgumu sl\u0113g\u0161anu, citu l\u012bgumu, licen\u010du un at\u013cauju sa\u0146em\u0161anu.<\/p>\n<p>P\u0113d\u0113jais solis esot investora piesaiste, kas ietver sev\u012b p\u0101rrunu organiz\u0113\u0161anu, biznesa procesa prezent\u0113\u0161anu, konkr\u0113ti noformul\u0113tu pied\u0101v\u0101jumu investoram, kur\u0101 tiek defin\u0113ti summas un procenti, kurus investors sa\u0146em noteikt\u0101 perioda beig\u0101s.<\/p>\n<div class=\"clear\"><\/div><a class=\"pngfix small-dark-button align-btn-left\" href=\"http:\/\/innologic.lv\/pakalpojumi\/biznesa-attistiba\/biznesa-plans\/\" title=\"izveidot biznesa pl\u0101nu\"><span class=\"pngfix\">biznesa pl\u0101ns<\/span><\/a><div class=\"clear\"><\/div><\/div><\/div><!-- end accordion-container --><h3 class=\"accordion-toggle\"><a href=\"#\">Invest\u012bciju piesaiste biznesam<\/a><\/h3><div class=\"accordion-container\">  <div class=\"content-block\"><h3>Invest\u012bciju piesaiste jaunam un jau eso\u0161am biznesam<\/h3>\n<p>M\u016bsu komp\u0101nija str\u0101d\u0101 pie invest\u012bciju piesaistes gan jauniem, gan eso\u0161iem komersantiem, vadoties p\u0113c biznesa pl\u0101na izstr\u0101des laik\u0101 ieg\u016btas inform\u0101cijas. Bet m\u016bsu darbs neierobe\u017eoj\u0101s tikai ar biznesa pl\u0101na izstr\u0101di, m\u0113s sniedzam savu atbalstu idejas izstr\u0101d\u0113 un formul\u0113jum\u0101, investoru piesaiste, p\u0101rrunu organiz\u0113\u0161an\u0101, projektu ievie\u0161an\u0101, ka ar\u012b sniedzam \u0101rpakalpojumus administr\u0101cijas darbos.<\/p>\n<div class=\"clear\"><\/div><a class=\"pngfix small-dark-button align-btn-left\" href=\"http:\/\/innologic.lv\/pakalpojumi\/biznesa-attistiba\/petijumi\/\" title=\"Atbalsts un pal\u012bdz\u012bba\"><span class=\"pngfix\">\u0101rpakalpojumi<\/span><\/a><div class=\"clear\"><\/div><\/div><\/div><!-- end accordion-container --><h3 class=\"accordion-toggle\"><a href=\"#\">Invest\u012bciju avoti<\/a><\/h3><div class=\"accordion-container\">  <div class=\"content-block\"><h3>Invest\u012bciju avoti<\/h3>\n<p>Kad ir izstr\u0101d\u0101ts biznesa att\u012bst\u012bbas projekts, ir j\u0101izv\u0113las finans\u0113juma veids, kur\u0161 atbilst J\u016bsu biznesa vajadz\u012bb\u0101m. Invest\u012bciju avoti var\u0113tu b\u016bt da\u017e\u0101di, piem\u0113ram: banka, riska kapit\u0101la fondi, biznesa e\u0146\u0123e\u013ci, citi biznesa nozares p\u0101rst\u0101vji, \u0161\u012bs nozares p\u0101rst\u0101vji no cit\u0101m valst\u012bm, priv\u0101tie investori, invest\u012bciju fondi un citi. M\u016bsu komp\u0101nijas klienti var r\u0113\u0137in\u0101ties ar to, ka vi\u0146i sa\u0146ems finans\u0113jumu savu projektu realiz\u0101cijai, no piem\u0113rotiem avotiem, par situ\u0101cijai atbilsto\u0161u cenu.<\/p>\n<div class=\"clear\"><\/div><a class=\"pngfix small-dark-button align-btn-left\" href=\"http:\/\/innologic.lv\/pakalpojumi\/biznesa-attistiba\/finansejuma-piesaiste\/\" title=\"finan\u0161u piesaiste\"><span class=\"pngfix\">finans\u0113jums<\/span><\/a><div class=\"clear\"><\/div><\/div><\/div><!-- end accordion-container --><\/div><!-- end accordion-wrapper --><div class=\"clear\"><\/div>\n","protected":false},"excerpt":{"rendered":"<p>&nbsp; &nbsp;<\/p>\n","protected":false},"author":1,"featured_media":0,"parent":8,"menu_order":2,"comment_status":"closed","ping_status":"closed","template":"","meta":{"footnotes":""},"class_list":["post-25","page","type-page","status-publish","hentry"],"yoast_head":"<!-- This site is optimized with the Yoast SEO plugin v24.9 - https:\/\/yoast.com\/wordpress\/plugins\/seo\/ -->\n<title>Attraction of investment - Business consultations<\/title>\n<meta name=\"robots\" content=\"index, follow, max-snippet:-1, max-image-preview:large, max-video-preview:-1\" \/>\n<link rel=\"canonical\" href=\"https:\/\/innologic.lv\/en\/services\/attraction-of-investment\/\" \/>\n<meta property=\"og:locale\" content=\"en_US\" \/>\n<meta property=\"og:type\" content=\"article\" \/>\n<meta property=\"og:title\" content=\"Attraction of investment - Business consultations\" \/>\n<meta property=\"og:description\" content=\"&nbsp; &nbsp;\" \/>\n<meta property=\"og:url\" content=\"https:\/\/innologic.lv\/en\/services\/attraction-of-investment\/\" \/>\n<meta property=\"og:site_name\" content=\"Business consultations\" \/>\n<meta property=\"article:modified_time\" content=\"2016-06-28T09:12:05+00:00\" \/>\n<meta name=\"twitter:card\" content=\"summary_large_image\" \/>\n<meta name=\"twitter:label1\" content=\"Est. reading time\" \/>\n\t<meta name=\"twitter:data1\" content=\"3 minutes\" \/>\n<script type=\"application\/ld+json\" class=\"yoast-schema-graph\">{\"@context\":\"https:\/\/schema.org\",\"@graph\":[{\"@type\":\"WebPage\",\"@id\":\"https:\/\/innologic.lv\/en\/services\/attraction-of-investment\/\",\"url\":\"https:\/\/innologic.lv\/en\/services\/attraction-of-investment\/\",\"name\":\"Attraction of investment - Business consultations\",\"isPartOf\":{\"@id\":\"https:\/\/innologic.lv\/en\/#website\"},\"datePublished\":\"2015-08-03T08:42:08+00:00\",\"dateModified\":\"2016-06-28T09:12:05+00:00\",\"breadcrumb\":{\"@id\":\"https:\/\/innologic.lv\/en\/services\/attraction-of-investment\/#breadcrumb\"},\"inLanguage\":\"en-US\",\"potentialAction\":[{\"@type\":\"ReadAction\",\"target\":[\"https:\/\/innologic.lv\/en\/services\/attraction-of-investment\/\"]}]},{\"@type\":\"BreadcrumbList\",\"@id\":\"https:\/\/innologic.lv\/en\/services\/attraction-of-investment\/#breadcrumb\",\"itemListElement\":[{\"@type\":\"ListItem\",\"position\":1,\"name\":\"Home\",\"item\":\"https:\/\/innologic.lv\/en\/\"},{\"@type\":\"ListItem\",\"position\":2,\"name\":\"Services\",\"item\":\"https:\/\/innologic.lv\/en\/services\/\"},{\"@type\":\"ListItem\",\"position\":3,\"name\":\"Attraction of investment\"}]},{\"@type\":\"WebSite\",\"@id\":\"https:\/\/innologic.lv\/en\/#website\",\"url\":\"https:\/\/innologic.lv\/en\/\",\"name\":\"Business consultations\",\"description\":\"Business development solutions\",\"potentialAction\":[{\"@type\":\"SearchAction\",\"target\":{\"@type\":\"EntryPoint\",\"urlTemplate\":\"https:\/\/innologic.lv\/en\/?s={search_term_string}\"},\"query-input\":{\"@type\":\"PropertyValueSpecification\",\"valueRequired\":true,\"valueName\":\"search_term_string\"}}],\"inLanguage\":\"en-US\"}]}<\/script>\n<!-- \/ Yoast SEO plugin. -->","yoast_head_json":{"title":"Attraction of investment - Business consultations","robots":{"index":"index","follow":"follow","max-snippet":"max-snippet:-1","max-image-preview":"max-image-preview:large","max-video-preview":"max-video-preview:-1"},"canonical":"https:\/\/innologic.lv\/en\/services\/attraction-of-investment\/","og_locale":"en_US","og_type":"article","og_title":"Attraction of investment - Business consultations","og_description":"&nbsp; &nbsp;","og_url":"https:\/\/innologic.lv\/en\/services\/attraction-of-investment\/","og_site_name":"Business consultations","article_modified_time":"2016-06-28T09:12:05+00:00","twitter_card":"summary_large_image","twitter_misc":{"Est. reading time":"3 minutes"},"schema":{"@context":"https:\/\/schema.org","@graph":[{"@type":"WebPage","@id":"https:\/\/innologic.lv\/en\/services\/attraction-of-investment\/","url":"https:\/\/innologic.lv\/en\/services\/attraction-of-investment\/","name":"Attraction of investment - Business consultations","isPartOf":{"@id":"https:\/\/innologic.lv\/en\/#website"},"datePublished":"2015-08-03T08:42:08+00:00","dateModified":"2016-06-28T09:12:05+00:00","breadcrumb":{"@id":"https:\/\/innologic.lv\/en\/services\/attraction-of-investment\/#breadcrumb"},"inLanguage":"en-US","potentialAction":[{"@type":"ReadAction","target":["https:\/\/innologic.lv\/en\/services\/attraction-of-investment\/"]}]},{"@type":"BreadcrumbList","@id":"https:\/\/innologic.lv\/en\/services\/attraction-of-investment\/#breadcrumb","itemListElement":[{"@type":"ListItem","position":1,"name":"Home","item":"https:\/\/innologic.lv\/en\/"},{"@type":"ListItem","position":2,"name":"Services","item":"https:\/\/innologic.lv\/en\/services\/"},{"@type":"ListItem","position":3,"name":"Attraction of investment"}]},{"@type":"WebSite","@id":"https:\/\/innologic.lv\/en\/#website","url":"https:\/\/innologic.lv\/en\/","name":"Business consultations","description":"Business development solutions","potentialAction":[{"@type":"SearchAction","target":{"@type":"EntryPoint","urlTemplate":"https:\/\/innologic.lv\/en\/?s={search_term_string}"},"query-input":{"@type":"PropertyValueSpecification","valueRequired":true,"valueName":"search_term_string"}}],"inLanguage":"en-US"}]}},"_links":{"self":[{"href":"https:\/\/innologic.lv\/en\/wp-json\/wp\/v2\/pages\/25","targetHints":{"allow":["GET"]}}],"collection":[{"href":"https:\/\/innologic.lv\/en\/wp-json\/wp\/v2\/pages"}],"about":[{"href":"https:\/\/innologic.lv\/en\/wp-json\/wp\/v2\/types\/page"}],"author":[{"embeddable":true,"href":"https:\/\/innologic.lv\/en\/wp-json\/wp\/v2\/users\/1"}],"replies":[{"embeddable":true,"href":"https:\/\/innologic.lv\/en\/wp-json\/wp\/v2\/comments?post=25"}],"version-history":[{"count":1,"href":"https:\/\/innologic.lv\/en\/wp-json\/wp\/v2\/pages\/25\/revisions"}],"predecessor-version":[{"id":274,"href":"https:\/\/innologic.lv\/en\/wp-json\/wp\/v2\/pages\/25\/revisions\/274"}],"up":[{"embeddable":true,"href":"https:\/\/innologic.lv\/en\/wp-json\/wp\/v2\/pages\/8"}],"wp:attachment":[{"href":"https:\/\/innologic.lv\/en\/wp-json\/wp\/v2\/media?parent=25"}],"curies":[{"name":"wp","href":"https:\/\/api.w.org\/{rel}","templated":true}]}}