{"id":244,"date":"2015-09-21T19:34:40","date_gmt":"2015-09-21T19:34:40","guid":{"rendered":"http:\/\/innologic.lv\/?page_id=244"},"modified":"2016-06-28T09:05:27","modified_gmt":"2016-06-28T09:05:27","slug":"reviews","status":"publish","type":"page","link":"https:\/\/innologic.lv\/en\/reviews\/","title":{"rendered":"Reviews"},"content":{"rendered":"\n            <style type=\"text\/css\">\n\n                #content-block-background-1162 { background-image: url(http:\/\/innologic.lv\/wp-content\/uploads\/2015\/08\/sarunas60.jpg); background-position: center top; background-repeat: no-repeat; background-color: transparent; background-attachment: scroll; }\n\n                #content-block-body-1162 { padding: 60px 0; color: #FFFFFF; }\n\n                .content-block-body { margin-left: auto; margin-right: auto; position: relative; }\n\n            <\/style>\n\n\n                <style type=\"text\/css\">\n\n                    #wrapper-1 { overflow-x: hidden; }\n\n                    #content-block-background-1162 { margin: 0 -10000px; padding: 0 10000px; }\n\n                <\/style>\n\n\n            \n\n\n                <script type=\"text\/javascript\">\n\n                    \/\/ <![CDATA[\n\n                    jQuery(document).ready(function($){\n\n                        if( ! $(\"body\").hasClass( \"mobile-detected\" ) ){\n\n                            $(\"#content-block-background-\"+1162).each(function(){\n\n                                var $bgobj = $(this); \/\/ assigning the object\n\n                                var xPos = 'center'; \/\/ x bg position value from the user shortcode\n\n                                $(window).scroll(function() {\n\n                                    var yPos = -($(window).scrollTop() \/ 3);\n\n                                    \/\/ Put together our final background position\n\n                                    var coords = xPos+' '+yPos+'px';\n\n                                    \/\/ Move the background\n\n                                    $bgobj.css({ backgroundPosition: coords });\n\n                                });\n\n                            });\n\n                        }\n\n                    });\n\n                    \/\/ ]]>\n\n                <\/script>\n\n\n                \n\n            <div class=\"clear\"><\/div>\n\n            <div id=\"content-block-background-1162\" class=\"content-block-background class-name\">\n\n                <div id=\"content-block-body-1162\" class=\"content-block-body\">\n\n                    <div class=\"clear\"><\/div>\n\n                    \n<h2 style=\"color:#fff\">M\u016bsu klientu izaugsme un veiksm\u012bgi realiz\u0113tie projekti ir lab\u0101kais atalgojums par darbu!<\/h2>\n<p>Esam v\u0113rsti uz ilglaic\u012bg\u0101m attiec\u012bb\u0101m ar visiem klientiem, kvalitat\u012bvi izpild\u012bts darbs vienm\u0113r ir pirmaj\u0101 viet\u0101.<br \/>\n\n                    <div class=\"clear\"><\/div>\n\n                <\/div>\n\n            <\/div>\n\n            <div class=\"clear\"><\/div>\n\n\n<h3 style=\"margin: 5px 0 30px\">Par mums run\u0101<\/h3>\n<blockquote><p>P\u0113t\u012bjums: \u201eJaunie\u0161u dz\u012bves kvalit\u0101tes nov\u0113rt\u0113\u0161ana Garkalnes novad\u0101\u201d Jaunatnes politikas valsts programmas 2014.gadam ietvaros.<br \/>\n<a class=\"pngfix small-light-button align-btn-left\" title=\"Las\u012bt vair\u0101k\" href=\"http:\/\/innologic.lv\/blog\/2015\/09\/21\/garkalnes-novada-dome\/\"><span class=\"pngfix\">Las\u012bt vair\u0101k<\/span><\/a><\/p>\n<div style=\"float: right;text-align: right;font-style: normal;font-weight: bold\">&#8211; Garkalnes novada dome<br \/>\n<a title=\"Go to http:\/\/www.garkalne.lv\" href=\"http:\/\/www.garkalne.lv\" target=\"_blank\">http:\/\/www.garkalne.lv<\/a><\/div>\n<\/blockquote>\n<div class=\"divider\"><\/div>\n<blockquote><p>P\u0113t\u012bjums: \u201eJaunie\u0161u dz\u012bves kvalit\u0101tes nov\u0113rt\u0113\u0161ana Garkalnes novad\u0101\u201d Jaunatnes politikas valsts programmas 2014.gadam ietvaros.<\/p>\n<div style=\"float: right;text-align: right;font-style: normal;font-weight: bold\">&#8211; Garkalnes novada dome<br \/>\n<a title=\"Go to http:\/\/www.garkalne.lv\" href=\"http:\/\/www.garkalne.lv\" target=\"_blank\">http:\/\/www.garkalne.lv<\/a><\/div>\n<\/blockquote>\n<div class=\"divider\"><\/div>\n","protected":false},"excerpt":{"rendered":"<p>Par mums run\u0101 P\u0113t\u012bjums: \u201eJaunie\u0161u dz\u012bves kvalit\u0101tes nov\u0113rt\u0113\u0161ana Garkalnes novad\u0101\u201d Jaunatnes politikas valsts programmas 2014.gadam ietvaros. Las\u012bt vair\u0101k &#8211; Garkalnes novada dome http:\/\/www.garkalne.lv P\u0113t\u012bjums: \u201eJaunie\u0161u dz\u012bves kvalit\u0101tes nov\u0113rt\u0113\u0161ana Garkalnes novad\u0101\u201d Jaunatnes politikas valsts programmas 2014.gadam ietvaros. &#8211; Garkalnes novada dome http:\/\/www.garkalne.lv<\/p>\n","protected":false},"author":1,"featured_media":0,"parent":0,"menu_order":0,"comment_status":"closed","ping_status":"closed","template":"","meta":{"footnotes":""},"class_list":["post-244","page","type-page","status-publish","hentry"],"yoast_head":"<!-- This site is optimized with the Yoast SEO plugin v24.9 - https:\/\/yoast.com\/wordpress\/plugins\/seo\/ -->\n<title>Reviews - Business consultations<\/title>\n<meta name=\"robots\" content=\"index, follow, max-snippet:-1, max-image-preview:large, max-video-preview:-1\" \/>\n<link rel=\"canonical\" href=\"https:\/\/innologic.lv\/en\/reviews\/\" \/>\n<meta property=\"og:locale\" content=\"en_US\" \/>\n<meta property=\"og:type\" content=\"article\" \/>\n<meta property=\"og:title\" content=\"Reviews - Business consultations\" \/>\n<meta property=\"og:description\" content=\"Par mums run\u0101 P\u0113t\u012bjums: \u201eJaunie\u0161u dz\u012bves kvalit\u0101tes nov\u0113rt\u0113\u0161ana Garkalnes novad\u0101\u201d Jaunatnes politikas valsts programmas 2014.gadam ietvaros. Las\u012bt vair\u0101k &#8211; Garkalnes novada dome http:\/\/www.garkalne.lv P\u0113t\u012bjums: \u201eJaunie\u0161u dz\u012bves kvalit\u0101tes nov\u0113rt\u0113\u0161ana Garkalnes novad\u0101\u201d Jaunatnes politikas valsts programmas 2014.gadam ietvaros. &#8211; Garkalnes novada dome http:\/\/www.garkalne.lv\" \/>\n<meta property=\"og:url\" content=\"https:\/\/innologic.lv\/en\/reviews\/\" \/>\n<meta property=\"og:site_name\" content=\"Business consultations\" \/>\n<meta property=\"article:modified_time\" content=\"2016-06-28T09:05:27+00:00\" \/>\n<meta name=\"twitter:card\" content=\"summary_large_image\" \/>\n<meta name=\"twitter:label1\" content=\"Est. reading time\" \/>\n\t<meta name=\"twitter:data1\" content=\"1 minute\" \/>\n<script type=\"application\/ld+json\" class=\"yoast-schema-graph\">{\"@context\":\"https:\/\/schema.org\",\"@graph\":[{\"@type\":\"WebPage\",\"@id\":\"https:\/\/innologic.lv\/en\/reviews\/\",\"url\":\"https:\/\/innologic.lv\/en\/reviews\/\",\"name\":\"Reviews - Business consultations\",\"isPartOf\":{\"@id\":\"https:\/\/innologic.lv\/en\/#website\"},\"datePublished\":\"2015-09-21T19:34:40+00:00\",\"dateModified\":\"2016-06-28T09:05:27+00:00\",\"breadcrumb\":{\"@id\":\"https:\/\/innologic.lv\/en\/reviews\/#breadcrumb\"},\"inLanguage\":\"en-US\",\"potentialAction\":[{\"@type\":\"ReadAction\",\"target\":[\"https:\/\/innologic.lv\/en\/reviews\/\"]}]},{\"@type\":\"BreadcrumbList\",\"@id\":\"https:\/\/innologic.lv\/en\/reviews\/#breadcrumb\",\"itemListElement\":[{\"@type\":\"ListItem\",\"position\":1,\"name\":\"Home\",\"item\":\"https:\/\/innologic.lv\/en\/\"},{\"@type\":\"ListItem\",\"position\":2,\"name\":\"Reviews\"}]},{\"@type\":\"WebSite\",\"@id\":\"https:\/\/innologic.lv\/en\/#website\",\"url\":\"https:\/\/innologic.lv\/en\/\",\"name\":\"Business consultations\",\"description\":\"Business development solutions\",\"potentialAction\":[{\"@type\":\"SearchAction\",\"target\":{\"@type\":\"EntryPoint\",\"urlTemplate\":\"https:\/\/innologic.lv\/en\/?s={search_term_string}\"},\"query-input\":{\"@type\":\"PropertyValueSpecification\",\"valueRequired\":true,\"valueName\":\"search_term_string\"}}],\"inLanguage\":\"en-US\"}]}<\/script>\n<!-- \/ Yoast SEO plugin. -->","yoast_head_json":{"title":"Reviews - Business consultations","robots":{"index":"index","follow":"follow","max-snippet":"max-snippet:-1","max-image-preview":"max-image-preview:large","max-video-preview":"max-video-preview:-1"},"canonical":"https:\/\/innologic.lv\/en\/reviews\/","og_locale":"en_US","og_type":"article","og_title":"Reviews - Business consultations","og_description":"Par mums run\u0101 P\u0113t\u012bjums: \u201eJaunie\u0161u dz\u012bves kvalit\u0101tes nov\u0113rt\u0113\u0161ana Garkalnes novad\u0101\u201d Jaunatnes politikas valsts programmas 2014.gadam ietvaros. Las\u012bt vair\u0101k &#8211; Garkalnes novada dome http:\/\/www.garkalne.lv P\u0113t\u012bjums: \u201eJaunie\u0161u dz\u012bves kvalit\u0101tes nov\u0113rt\u0113\u0161ana Garkalnes novad\u0101\u201d Jaunatnes politikas valsts programmas 2014.gadam ietvaros. &#8211; Garkalnes novada dome http:\/\/www.garkalne.lv","og_url":"https:\/\/innologic.lv\/en\/reviews\/","og_site_name":"Business consultations","article_modified_time":"2016-06-28T09:05:27+00:00","twitter_card":"summary_large_image","twitter_misc":{"Est. reading time":"1 minute"},"schema":{"@context":"https:\/\/schema.org","@graph":[{"@type":"WebPage","@id":"https:\/\/innologic.lv\/en\/reviews\/","url":"https:\/\/innologic.lv\/en\/reviews\/","name":"Reviews - Business consultations","isPartOf":{"@id":"https:\/\/innologic.lv\/en\/#website"},"datePublished":"2015-09-21T19:34:40+00:00","dateModified":"2016-06-28T09:05:27+00:00","breadcrumb":{"@id":"https:\/\/innologic.lv\/en\/reviews\/#breadcrumb"},"inLanguage":"en-US","potentialAction":[{"@type":"ReadAction","target":["https:\/\/innologic.lv\/en\/reviews\/"]}]},{"@type":"BreadcrumbList","@id":"https:\/\/innologic.lv\/en\/reviews\/#breadcrumb","itemListElement":[{"@type":"ListItem","position":1,"name":"Home","item":"https:\/\/innologic.lv\/en\/"},{"@type":"ListItem","position":2,"name":"Reviews"}]},{"@type":"WebSite","@id":"https:\/\/innologic.lv\/en\/#website","url":"https:\/\/innologic.lv\/en\/","name":"Business consultations","description":"Business development solutions","potentialAction":[{"@type":"SearchAction","target":{"@type":"EntryPoint","urlTemplate":"https:\/\/innologic.lv\/en\/?s={search_term_string}"},"query-input":{"@type":"PropertyValueSpecification","valueRequired":true,"valueName":"search_term_string"}}],"inLanguage":"en-US"}]}},"_links":{"self":[{"href":"https:\/\/innologic.lv\/en\/wp-json\/wp\/v2\/pages\/244","targetHints":{"allow":["GET"]}}],"collection":[{"href":"https:\/\/innologic.lv\/en\/wp-json\/wp\/v2\/pages"}],"about":[{"href":"https:\/\/innologic.lv\/en\/wp-json\/wp\/v2\/types\/page"}],"author":[{"embeddable":true,"href":"https:\/\/innologic.lv\/en\/wp-json\/wp\/v2\/users\/1"}],"replies":[{"embeddable":true,"href":"https:\/\/innologic.lv\/en\/wp-json\/wp\/v2\/comments?post=244"}],"version-history":[{"count":1,"href":"https:\/\/innologic.lv\/en\/wp-json\/wp\/v2\/pages\/244\/revisions"}],"predecessor-version":[{"id":267,"href":"https:\/\/innologic.lv\/en\/wp-json\/wp\/v2\/pages\/244\/revisions\/267"}],"wp:attachment":[{"href":"https:\/\/innologic.lv\/en\/wp-json\/wp\/v2\/media?parent=244"}],"curies":[{"name":"wp","href":"https:\/\/api.w.org\/{rel}","templated":true}]}}