{"id":23,"date":"2015-08-03T08:41:48","date_gmt":"2015-08-03T08:41:48","guid":{"rendered":"http:\/\/innologic.lv\/?page_id=23"},"modified":"2016-06-28T09:12:25","modified_gmt":"2016-06-28T09:12:25","slug":"eu-funding","status":"publish","type":"page","link":"https:\/\/innologic.lv\/en\/services\/eu-funding\/","title":{"rendered":"EU funding"},"content":{"rendered":"\n            <style type=\"text\/css\">\n\n                #content-block-background-1434 { background-image: url(http:\/\/innologic.lv\/wp-content\/uploads\/2015\/08\/sarunas60.jpg); background-position: center top; background-repeat: no-repeat; background-color: transparent; background-attachment: scroll; }\n\n                #content-block-body-1434 { padding: 60px 0; color: #FFFFFF; }\n\n                .content-block-body { margin-left: auto; margin-right: auto; position: relative; }\n\n            <\/style>\n\n\n                <style type=\"text\/css\">\n\n                    #wrapper-1 { overflow-x: hidden; }\n\n                    #content-block-background-1434 { margin: 0 -10000px; padding: 0 10000px; }\n\n                <\/style>\n\n\n            \n\n\n                <script type=\"text\/javascript\">\n\n                    \/\/ <![CDATA[\n\n                    jQuery(document).ready(function($){\n\n                        if( ! $(\"body\").hasClass( \"mobile-detected\" ) ){\n\n                            $(\"#content-block-background-\"+1434).each(function(){\n\n                                var $bgobj = $(this); \/\/ assigning the object\n\n                                var xPos = 'center'; \/\/ x bg position value from the user shortcode\n\n                                $(window).scroll(function() {\n\n                                    var yPos = -($(window).scrollTop() \/ 3);\n\n                                    \/\/ Put together our final background position\n\n                                    var coords = xPos+' '+yPos+'px';\n\n                                    \/\/ Move the background\n\n                                    $bgobj.css({ backgroundPosition: coords });\n\n                                });\n\n                            });\n\n                        }\n\n                    });\n\n                    \/\/ ]]>\n\n                <\/script>\n\n\n                \n\n            <div class=\"clear\"><\/div>\n\n            <div id=\"content-block-background-1434\" class=\"content-block-background class-name\">\n\n                <div id=\"content-block-body-1434\" class=\"content-block-body\">\n\n                    <div class=\"clear\"><\/div>\n\n                    \n<h2 style=\"color:#fff\">Eiropas Savien\u012bbas fondi<\/h2>\n<p>Eiropas finans\u0113juma piesaistes instruments \u013cauj uz\u0146\u0113m\u0113jiem, NVO, zin\u0101tnes instit\u016bcij\u0101m, pa\u0161vald\u012bb\u0101m un valsts p\u0101rvaldes instit\u016bcij\u0101m realiz\u0113t att\u012bst\u012bbas ieceres ieguldot tikai da\u013cu no projekta kop\u0113jam izmaks\u0101m. ES fondu l\u012bdzfinans\u0113jums atkar\u012bb\u0101 no fonda un aktivit\u0101tes sast\u0101da no 35% l\u012bdz 100%.<br \/>\n\n                    <div class=\"clear\"><\/div>\n\n                <\/div>\n\n            <\/div>\n\n            <div class=\"clear\"><\/div>\n\n\n<h3>Eiropas Savien\u012bbas strukt\u016brfondi<\/h3>\n<h4 class=\"slide_toggle\"><a href=\"#\">Eiropas Re\u0123ion\u0101l\u0101s att\u012bst\u012bbas fonds (ERAF)<\/a><\/h4><div class=\"slide_toggle_content\" style=\"display: none;\">\n<p>ERAF finans\u0113jums paredz\u0113ts \u0161\u0101diem pas\u0101kumiem:<\/p>\n<ul>\n<li>biznesa vides sak\u0101rto\u0161anai un konkur\u0113tsp\u0113jas paaugstin\u0101\u0161anai, jo \u012bpa\u0161i mazajos un vid\u0113jos uz\u0146\u0113mumos;<\/li>\n<li>viet\u0113j\u0101s ekonomikas, t.sk. t\u016brisma un kult\u016bras mantojuma saglab\u0101\u0161anai;<\/li>\n<li>izp\u0113tei un tehnolo\u0123iju att\u012bst\u012bbai;<\/li>\n<li>viet\u0113jo, re\u0123ion\u0101lo transporta, telekomunik\u0101ciju un ener\u0123\u0113tikas t\u012bklu un tiem piek\u013caujo\u0161\u0101s infrastrukt\u016bras att\u012bst\u012bbai;<\/li>\n<li>vides aizsardz\u012bbai un att\u012bst\u012bbai;<\/li>\n<li>potenci\u0101la cel\u0161anai p\u0113tniec\u012bb\u0101, zin\u0101tn\u0113 un tehnolo\u0123ij\u0101s u.c.<\/li>\n<\/ul>\n<\/div>\n<h4 class=\"slide_toggle\"><a href=\"#\">Eiropas Soci\u0101lais fonds (ESF)<\/a><\/h4><div class=\"slide_toggle_content\" style=\"display: none;\">\n<p>ESF finans\u0113jums paredz\u0113ts \u0161\u0101diem pas\u0101kumiem:<\/p>\n<ul>\n<li>viet\u0113j\u0101s nodarbin\u0101t\u012bbas att\u012bst\u012bbai, t.sk. akt\u012bvas darba tirgus politikas izstr\u0101dei un veicin\u0101\u0161anai,<\/li>\n<li>ilgtermi\u0146a bezdarba nov\u0113r\u0161anai, ilgsto\u0161o bezdarbnieku integr\u0101cijas darba tirg\u016b veicin\u0101\u0161anai un jaunatnes profesion\u0101l\u0101s integr\u0101cijas atbalst\u012b\u0161anai;<\/li>\n<li>l\u012bdzties\u012bbas nodro\u0161in\u0101\u0161anai starp sieviet\u0113m un v\u012brie\u0161iem nodarbin\u0101t\u012bbas jom\u0101;<\/li>\n<li>vienl\u012bdz\u012bgu darba tirgus piek\u013cuves iesp\u0113ju veicin\u0101\u0161anai visiem, \u012bpa\u0161i piev\u0113r\u0161oties soci\u0101l\u0101s atstumt\u012bbas riska grup\u0101m;<\/li>\n<li>apm\u0101c\u012bb\u0101m izgl\u012bt\u012bbas un konsult\u0101ciju sist\u0113mas uzlabo\u0161anai, lai veicin\u0101tu m\u016b\u017eizgl\u012bt\u012bbu ar m\u0113r\u0137i veicin\u0101t prasm\u012bga, apm\u0101c\u012bta un piel\u0101goties sp\u0113j\u012bga darbsp\u0113ka izveido\u0161anos, jaunu darba vietu rado\u0161u uz\u0146\u0113m\u0113jdarb\u012bbas apst\u0101k\u013cu rad\u012b\u0161anu un prasmju nostiprin\u0101\u0161anu u.c.<\/li>\n<\/ul>\n<\/div>\n<h4 class=\"slide_toggle\"><a href=\"#\">Koh\u0113zijas fonds (KF)<\/a><\/h4><div class=\"slide_toggle_content\" style=\"display: none;\">\n<p>Ir viens no ES\u00a0 re\u0123ion\u0101l\u0101s politikas finan\u0161u instrumentiem, kura m\u0113r\u0137is ir izl\u012bdzin\u0101t valstu starp\u0101 past\u0101vo\u0161\u0101s ekonomisk\u0101s un soci\u0101l\u0101s at\u0161\u0137ir\u012bbas. Tas izveidots, lai finans\u0113tu liela m\u0113roga infrastrukt\u016bras att\u012bst\u012bbas pas\u0101kumus (projektus) vides aizsardz\u012bbas un transporta jom\u0101. Fonds sniedz finansi\u0101lu ieguld\u012bjumu projektiem, lai sasniegtu ES noteiktos m\u0113r\u0137us vides un transporta jom\u0101s, \u012bstenotu ES politikas un sasniegtu direkt\u012bv\u0101s noteikt\u0101s pras\u012bbas.<\/p>\n<\/div>\n<h4>ES fondu atbalsts lauksaimniec\u012bbai un zivsaimniec\u012bbai<\/h4>\n<h4 class=\"slide_toggle\"><a href=\"#\">Lauku att\u012bst\u012bbas programma (LAP)<\/a><\/h4><div class=\"slide_toggle_content\" style=\"display: none;\">\n<ul>\n<li>lauku cilv\u0113ka sp\u0113ju att\u012bst\u012bba, ilgtsp\u0113j\u012bgu dabas resursu apsaimnieko\u0161anu veicino\u0161u saimnieko\u0161anas meto\u017eu pielieto\u0161anu, jauno inform\u0101cijas un komunik\u0101ciju tehnolo\u0123iju pielieto\u0161anu, produktu kvalit\u0101tes un pievienot\u0101s v\u0113rt\u012bbas paaugstin\u0101\u0161anu;<\/li>\n<li>no darba g\u016bto ien\u0101kumu palielin\u0101\u0161ana laukos;<\/li>\n<li>lauku dz\u012bves telpas att\u012bst\u012bba, kas noz\u012bm\u0113 nodro\u0161in\u0101t pils\u0113tu infrastrukt\u016brai l\u012bdzv\u0113rt\u012bgu uz\u0146\u0113m\u0113jdarb\u012bbas vidi.<\/li>\n<\/ul>\n<\/div>\n<h4 class=\"slide_toggle\"><a href=\"#\">Eiropas Zivsaimniec\u012bbas fonda (EZF)<\/a><\/h4><div class=\"slide_toggle_content\" style=\"display: none;\">\n<ul>\n<li>zvejas flotes piel\u0101go\u0161ana;<\/li>\n<li>akvakult\u016bra, p\u0101rstr\u0101de un tirdzniec\u012bba, iek\u0161zemes zvejniec\u012bba;<\/li>\n<li>savstarp\u0113ja izdev\u012bguma pas\u0101kumi (piem\u0113ram, j\u016bras dz\u012bvnieku un augu valsts, ostu, piest\u0101t\u0146u un izkrau\u0161anas vietu aizsardz\u012bba un att\u012bst\u012bba, jaunu m\u0101rketinga un rekl\u0101mas kampa\u0146u izstr\u0101de);<\/li>\n<li>zivsaimniec\u012bbas apvidu ilgtsp\u0113j\u012bga att\u012bst\u012bba;<\/li>\n<li>tehnisk\u0101 pal\u012bdz\u012bba (p\u0113t\u012bjumi, informat\u012bvi pas\u0101kumi).<\/li>\n<\/ul>\n<\/div>\n<div class=\"one_half\">\n<h4>Eiropas savien\u012bbas starpvalstu sadarb\u012bbas fondi<\/h4>\n<ul>\n<li>Inteli\u0123enta ener\u0123ija Eiropai (IEE) &#8211; finans\u0113 projektus ener\u0123\u0113tikas att\u012bst\u012bbai;<\/li>\n<li>7.ietvarprogramma &#8211; finans\u0113 projektus zin\u0101tnes un cilv\u0113kresursu att\u012bst\u012bba (ietv\u0113r sec\u012b vair\u0101kus pas\u0101kumus);<\/li>\n<li>MEDIA &#8211; atbalsts audiovizu\u0101lai nozarei;<\/li>\n<li>Eiropa pilso\u0146iem &#8211; sabiedr\u012bbas integr\u0101cijas pas\u0101kumi;<\/li>\n<li>Eiropas Ekonomisk\u0101s zonas (EEZ) finan\u0161u instruments un Norv\u0113\u0123ijas vald\u012bbas divpus\u0113jais finan\u0161u instruments;<\/li>\n<li>ES fondi izgl\u012bt\u012bbas jomai;<\/li>\n<li>P\u0101rrobe\u017eu sadarb\u012bbas programmas &#8211; infrastrukt\u016bras un sadarb\u012bbas att\u012bst\u012bba.<\/li>\n<\/ul>\n<\/div>\n<div class=\"one_half last_column\">\n<h3>Klimata p\u0101rmai\u0146a finan\u0161u instruments (KPFI)<\/h3>\n<p>Klimata p\u0101rmai\u0146u finan\u0161u instruments (KPFI) ir Latvijas Republikas valsts bud\u017eeta programma.<br \/>\nKPFI m\u0113r\u0137is ir veicin\u0101t glob\u0101lo klimata p\u0101rmai\u0146u nov\u0113r\u0161anu, piel\u0101go\u0161anos klimata p\u0101rmai\u0146u rad\u012btaj\u0101m sek\u0101m un sekm\u0113t siltumn\u012bcefekta g\u0101zu emisijas samazin\u0101\u0161anu (piem\u0113ram, \u012bstenojot pas\u0101kumus \u0113ku energoefektivit\u0101tes uzlabo\u0161anai gan sabiedriskaj\u0101, gan priv\u0101taj\u0101 sektor\u0101, tehnolo\u0123iju, kur\u0101s izmanto atjaunojamos energoresursus att\u012bst\u012b\u0161anu un ievie\u0161anu, k\u0101 ar\u012b \u012bstenojot integr\u0113tus risin\u0101jumus siltumn\u012bcefekta g\u0101zu emisijas samazin\u0101\u0161anai).<br \/>\n<\/div>\n","protected":false},"excerpt":{"rendered":"<p>Eiropas Savien\u012bbas strukt\u016brfondi ES fondu atbalsts lauksaimniec\u012bbai un zivsaimniec\u012bbai<\/p>\n","protected":false},"author":1,"featured_media":0,"parent":8,"menu_order":3,"comment_status":"closed","ping_status":"closed","template":"","meta":{"footnotes":""},"class_list":["post-23","page","type-page","status-publish","hentry"],"yoast_head":"<!-- This site is optimized with the Yoast SEO plugin v24.9 - https:\/\/yoast.com\/wordpress\/plugins\/seo\/ -->\n<title>EU funding - Business consultations<\/title>\n<meta name=\"robots\" content=\"index, follow, max-snippet:-1, max-image-preview:large, max-video-preview:-1\" \/>\n<link rel=\"canonical\" href=\"https:\/\/innologic.lv\/en\/services\/eu-funding\/\" \/>\n<meta property=\"og:locale\" content=\"en_US\" \/>\n<meta property=\"og:type\" content=\"article\" \/>\n<meta property=\"og:title\" content=\"EU funding - Business consultations\" \/>\n<meta property=\"og:description\" content=\"Eiropas Savien\u012bbas strukt\u016brfondi ES fondu atbalsts lauksaimniec\u012bbai un zivsaimniec\u012bbai\" \/>\n<meta property=\"og:url\" content=\"https:\/\/innologic.lv\/en\/services\/eu-funding\/\" \/>\n<meta property=\"og:site_name\" content=\"Business consultations\" \/>\n<meta property=\"article:modified_time\" content=\"2016-06-28T09:12:25+00:00\" \/>\n<meta name=\"twitter:card\" content=\"summary_large_image\" \/>\n<meta name=\"twitter:label1\" content=\"Est. reading time\" \/>\n\t<meta name=\"twitter:data1\" content=\"4 minutes\" \/>\n<script type=\"application\/ld+json\" class=\"yoast-schema-graph\">{\"@context\":\"https:\/\/schema.org\",\"@graph\":[{\"@type\":\"WebPage\",\"@id\":\"https:\/\/innologic.lv\/en\/services\/eu-funding\/\",\"url\":\"https:\/\/innologic.lv\/en\/services\/eu-funding\/\",\"name\":\"EU funding - Business consultations\",\"isPartOf\":{\"@id\":\"https:\/\/innologic.lv\/en\/#website\"},\"datePublished\":\"2015-08-03T08:41:48+00:00\",\"dateModified\":\"2016-06-28T09:12:25+00:00\",\"breadcrumb\":{\"@id\":\"https:\/\/innologic.lv\/en\/services\/eu-funding\/#breadcrumb\"},\"inLanguage\":\"en-US\",\"potentialAction\":[{\"@type\":\"ReadAction\",\"target\":[\"https:\/\/innologic.lv\/en\/services\/eu-funding\/\"]}]},{\"@type\":\"BreadcrumbList\",\"@id\":\"https:\/\/innologic.lv\/en\/services\/eu-funding\/#breadcrumb\",\"itemListElement\":[{\"@type\":\"ListItem\",\"position\":1,\"name\":\"Home\",\"item\":\"https:\/\/innologic.lv\/en\/\"},{\"@type\":\"ListItem\",\"position\":2,\"name\":\"Services\",\"item\":\"https:\/\/innologic.lv\/en\/services\/\"},{\"@type\":\"ListItem\",\"position\":3,\"name\":\"EU funding\"}]},{\"@type\":\"WebSite\",\"@id\":\"https:\/\/innologic.lv\/en\/#website\",\"url\":\"https:\/\/innologic.lv\/en\/\",\"name\":\"Business consultations\",\"description\":\"Business development solutions\",\"potentialAction\":[{\"@type\":\"SearchAction\",\"target\":{\"@type\":\"EntryPoint\",\"urlTemplate\":\"https:\/\/innologic.lv\/en\/?s={search_term_string}\"},\"query-input\":{\"@type\":\"PropertyValueSpecification\",\"valueRequired\":true,\"valueName\":\"search_term_string\"}}],\"inLanguage\":\"en-US\"}]}<\/script>\n<!-- \/ Yoast SEO plugin. -->","yoast_head_json":{"title":"EU funding - Business consultations","robots":{"index":"index","follow":"follow","max-snippet":"max-snippet:-1","max-image-preview":"max-image-preview:large","max-video-preview":"max-video-preview:-1"},"canonical":"https:\/\/innologic.lv\/en\/services\/eu-funding\/","og_locale":"en_US","og_type":"article","og_title":"EU funding - Business consultations","og_description":"Eiropas Savien\u012bbas strukt\u016brfondi ES fondu atbalsts lauksaimniec\u012bbai un zivsaimniec\u012bbai","og_url":"https:\/\/innologic.lv\/en\/services\/eu-funding\/","og_site_name":"Business consultations","article_modified_time":"2016-06-28T09:12:25+00:00","twitter_card":"summary_large_image","twitter_misc":{"Est. reading time":"4 minutes"},"schema":{"@context":"https:\/\/schema.org","@graph":[{"@type":"WebPage","@id":"https:\/\/innologic.lv\/en\/services\/eu-funding\/","url":"https:\/\/innologic.lv\/en\/services\/eu-funding\/","name":"EU funding - Business consultations","isPartOf":{"@id":"https:\/\/innologic.lv\/en\/#website"},"datePublished":"2015-08-03T08:41:48+00:00","dateModified":"2016-06-28T09:12:25+00:00","breadcrumb":{"@id":"https:\/\/innologic.lv\/en\/services\/eu-funding\/#breadcrumb"},"inLanguage":"en-US","potentialAction":[{"@type":"ReadAction","target":["https:\/\/innologic.lv\/en\/services\/eu-funding\/"]}]},{"@type":"BreadcrumbList","@id":"https:\/\/innologic.lv\/en\/services\/eu-funding\/#breadcrumb","itemListElement":[{"@type":"ListItem","position":1,"name":"Home","item":"https:\/\/innologic.lv\/en\/"},{"@type":"ListItem","position":2,"name":"Services","item":"https:\/\/innologic.lv\/en\/services\/"},{"@type":"ListItem","position":3,"name":"EU funding"}]},{"@type":"WebSite","@id":"https:\/\/innologic.lv\/en\/#website","url":"https:\/\/innologic.lv\/en\/","name":"Business consultations","description":"Business development solutions","potentialAction":[{"@type":"SearchAction","target":{"@type":"EntryPoint","urlTemplate":"https:\/\/innologic.lv\/en\/?s={search_term_string}"},"query-input":{"@type":"PropertyValueSpecification","valueRequired":true,"valueName":"search_term_string"}}],"inLanguage":"en-US"}]}},"_links":{"self":[{"href":"https:\/\/innologic.lv\/en\/wp-json\/wp\/v2\/pages\/23","targetHints":{"allow":["GET"]}}],"collection":[{"href":"https:\/\/innologic.lv\/en\/wp-json\/wp\/v2\/pages"}],"about":[{"href":"https:\/\/innologic.lv\/en\/wp-json\/wp\/v2\/types\/page"}],"author":[{"embeddable":true,"href":"https:\/\/innologic.lv\/en\/wp-json\/wp\/v2\/users\/1"}],"replies":[{"embeddable":true,"href":"https:\/\/innologic.lv\/en\/wp-json\/wp\/v2\/comments?post=23"}],"version-history":[{"count":1,"href":"https:\/\/innologic.lv\/en\/wp-json\/wp\/v2\/pages\/23\/revisions"}],"predecessor-version":[{"id":275,"href":"https:\/\/innologic.lv\/en\/wp-json\/wp\/v2\/pages\/23\/revisions\/275"}],"up":[{"embeddable":true,"href":"https:\/\/innologic.lv\/en\/wp-json\/wp\/v2\/pages\/8"}],"wp:attachment":[{"href":"https:\/\/innologic.lv\/en\/wp-json\/wp\/v2\/media?parent=23"}],"curies":[{"name":"wp","href":"https:\/\/api.w.org\/{rel}","templated":true}]}}