{"id":17,"date":"2015-08-03T08:40:38","date_gmt":"2015-08-03T08:40:38","guid":{"rendered":"http:\/\/innologic.lv\/?page_id=17"},"modified":"2016-06-28T09:03:59","modified_gmt":"2016-06-28T09:03:59","slug":"contacts","status":"publish","type":"page","link":"https:\/\/innologic.lv\/en\/about-us\/contacts\/","title":{"rendered":"Contacts"},"content":{"rendered":"","protected":false},"excerpt":{"rendered":"","protected":false},"author":1,"featured_media":0,"parent":6,"menu_order":0,"comment_status":"closed","ping_status":"closed","template":"page-Contact.php","meta":{"footnotes":""},"class_list":["post-17","page","type-page","status-publish","hentry"],"yoast_head":"<!-- This site is optimized with the Yoast SEO plugin v24.9 - https:\/\/yoast.com\/wordpress\/plugins\/seo\/ -->\n<title>Biznesa att\u012bst\u012bbas konsult\u0101cijas, kontakti<\/title>\n<meta name=\"description\" content=\"Innologic nodro\u0161ina biznesa att\u012bst\u012bbas konsult\u0101cijas, iesp\u0113jas J\u016bsu uz\u0146\u0113muma izaugsmei\" \/>\n<meta name=\"robots\" content=\"index, follow, max-snippet:-1, max-image-preview:large, max-video-preview:-1\" \/>\n<link rel=\"canonical\" href=\"https:\/\/innologic.lv\/en\/about-us\/contacts\/\" \/>\n<meta property=\"og:locale\" content=\"en_US\" \/>\n<meta property=\"og:type\" content=\"article\" \/>\n<meta property=\"og:title\" content=\"Biznesa att\u012bst\u012bbas konsult\u0101cijas, kontakti\" \/>\n<meta property=\"og:description\" content=\"Innologic nodro\u0161ina biznesa att\u012bst\u012bbas konsult\u0101cijas, iesp\u0113jas J\u016bsu uz\u0146\u0113muma izaugsmei\" \/>\n<meta property=\"og:url\" content=\"https:\/\/innologic.lv\/en\/about-us\/contacts\/\" \/>\n<meta property=\"og:site_name\" content=\"Business consultations\" \/>\n<meta property=\"article:modified_time\" content=\"2016-06-28T09:03:59+00:00\" \/>\n<meta name=\"twitter:card\" content=\"summary_large_image\" \/>\n<script type=\"application\/ld+json\" class=\"yoast-schema-graph\">{\"@context\":\"https:\/\/schema.org\",\"@graph\":[{\"@type\":\"WebPage\",\"@id\":\"https:\/\/innologic.lv\/en\/about-us\/contacts\/\",\"url\":\"https:\/\/innologic.lv\/en\/about-us\/contacts\/\",\"name\":\"Biznesa att\u012bst\u012bbas konsult\u0101cijas, kontakti\",\"isPartOf\":{\"@id\":\"https:\/\/innologic.lv\/en\/#website\"},\"datePublished\":\"2015-08-03T08:40:38+00:00\",\"dateModified\":\"2016-06-28T09:03:59+00:00\",\"description\":\"Innologic nodro\u0161ina biznesa att\u012bst\u012bbas konsult\u0101cijas, iesp\u0113jas J\u016bsu uz\u0146\u0113muma izaugsmei\",\"breadcrumb\":{\"@id\":\"https:\/\/innologic.lv\/en\/about-us\/contacts\/#breadcrumb\"},\"inLanguage\":\"en-US\",\"potentialAction\":[{\"@type\":\"ReadAction\",\"target\":[\"https:\/\/innologic.lv\/en\/about-us\/contacts\/\"]}]},{\"@type\":\"BreadcrumbList\",\"@id\":\"https:\/\/innologic.lv\/en\/about-us\/contacts\/#breadcrumb\",\"itemListElement\":[{\"@type\":\"ListItem\",\"position\":1,\"name\":\"Home\",\"item\":\"https:\/\/innologic.lv\/en\/\"},{\"@type\":\"ListItem\",\"position\":2,\"name\":\"About Us\",\"item\":\"https:\/\/innologic.lv\/en\/about-us\/\"},{\"@type\":\"ListItem\",\"position\":3,\"name\":\"Contacts\"}]},{\"@type\":\"WebSite\",\"@id\":\"https:\/\/innologic.lv\/en\/#website\",\"url\":\"https:\/\/innologic.lv\/en\/\",\"name\":\"Business consultations\",\"description\":\"Business development solutions\",\"potentialAction\":[{\"@type\":\"SearchAction\",\"target\":{\"@type\":\"EntryPoint\",\"urlTemplate\":\"https:\/\/innologic.lv\/en\/?s={search_term_string}\"},\"query-input\":{\"@type\":\"PropertyValueSpecification\",\"valueRequired\":true,\"valueName\":\"search_term_string\"}}],\"inLanguage\":\"en-US\"}]}<\/script>\n<!-- \/ Yoast SEO plugin. -->","yoast_head_json":{"title":"Biznesa att\u012bst\u012bbas konsult\u0101cijas, kontakti","description":"Innologic nodro\u0161ina biznesa att\u012bst\u012bbas konsult\u0101cijas, iesp\u0113jas J\u016bsu uz\u0146\u0113muma izaugsmei","robots":{"index":"index","follow":"follow","max-snippet":"max-snippet:-1","max-image-preview":"max-image-preview:large","max-video-preview":"max-video-preview:-1"},"canonical":"https:\/\/innologic.lv\/en\/about-us\/contacts\/","og_locale":"en_US","og_type":"article","og_title":"Biznesa att\u012bst\u012bbas konsult\u0101cijas, kontakti","og_description":"Innologic nodro\u0161ina biznesa att\u012bst\u012bbas konsult\u0101cijas, iesp\u0113jas J\u016bsu uz\u0146\u0113muma izaugsmei","og_url":"https:\/\/innologic.lv\/en\/about-us\/contacts\/","og_site_name":"Business consultations","article_modified_time":"2016-06-28T09:03:59+00:00","twitter_card":"summary_large_image","schema":{"@context":"https:\/\/schema.org","@graph":[{"@type":"WebPage","@id":"https:\/\/innologic.lv\/en\/about-us\/contacts\/","url":"https:\/\/innologic.lv\/en\/about-us\/contacts\/","name":"Biznesa att\u012bst\u012bbas konsult\u0101cijas, kontakti","isPartOf":{"@id":"https:\/\/innologic.lv\/en\/#website"},"datePublished":"2015-08-03T08:40:38+00:00","dateModified":"2016-06-28T09:03:59+00:00","description":"Innologic nodro\u0161ina biznesa att\u012bst\u012bbas konsult\u0101cijas, iesp\u0113jas J\u016bsu uz\u0146\u0113muma izaugsmei","breadcrumb":{"@id":"https:\/\/innologic.lv\/en\/about-us\/contacts\/#breadcrumb"},"inLanguage":"en-US","potentialAction":[{"@type":"ReadAction","target":["https:\/\/innologic.lv\/en\/about-us\/contacts\/"]}]},{"@type":"BreadcrumbList","@id":"https:\/\/innologic.lv\/en\/about-us\/contacts\/#breadcrumb","itemListElement":[{"@type":"ListItem","position":1,"name":"Home","item":"https:\/\/innologic.lv\/en\/"},{"@type":"ListItem","position":2,"name":"About Us","item":"https:\/\/innologic.lv\/en\/about-us\/"},{"@type":"ListItem","position":3,"name":"Contacts"}]},{"@type":"WebSite","@id":"https:\/\/innologic.lv\/en\/#website","url":"https:\/\/innologic.lv\/en\/","name":"Business consultations","description":"Business development solutions","potentialAction":[{"@type":"SearchAction","target":{"@type":"EntryPoint","urlTemplate":"https:\/\/innologic.lv\/en\/?s={search_term_string}"},"query-input":{"@type":"PropertyValueSpecification","valueRequired":true,"valueName":"search_term_string"}}],"inLanguage":"en-US"}]}},"_links":{"self":[{"href":"https:\/\/innologic.lv\/en\/wp-json\/wp\/v2\/pages\/17","targetHints":{"allow":["GET"]}}],"collection":[{"href":"https:\/\/innologic.lv\/en\/wp-json\/wp\/v2\/pages"}],"about":[{"href":"https:\/\/innologic.lv\/en\/wp-json\/wp\/v2\/types\/page"}],"author":[{"embeddable":true,"href":"https:\/\/innologic.lv\/en\/wp-json\/wp\/v2\/users\/1"}],"replies":[{"embeddable":true,"href":"https:\/\/innologic.lv\/en\/wp-json\/wp\/v2\/comments?post=17"}],"version-history":[{"count":1,"href":"https:\/\/innologic.lv\/en\/wp-json\/wp\/v2\/pages\/17\/revisions"}],"predecessor-version":[{"id":265,"href":"https:\/\/innologic.lv\/en\/wp-json\/wp\/v2\/pages\/17\/revisions\/265"}],"up":[{"embeddable":true,"href":"https:\/\/innologic.lv\/en\/wp-json\/wp\/v2\/pages\/6"}],"wp:attachment":[{"href":"https:\/\/innologic.lv\/en\/wp-json\/wp\/v2\/media?parent=17"}],"curies":[{"name":"wp","href":"https:\/\/api.w.org\/{rel}","templated":true}]}}